{"id":663,"date":"2018-08-01T10:19:04","date_gmt":"2018-08-01T10:19:04","guid":{"rendered":"https:\/\/bodegasavinya.com\/faq\/"},"modified":"2019-04-05T08:19:28","modified_gmt":"2019-04-05T08:19:28","slug":"faq","status":"publish","type":"page","link":"https:\/\/bodegasavinya.com\/fr\/faq\/","title":{"rendered":"FAQ"},"content":{"rendered":"<h3><strong><u>Paiement et s\u00e9curit\u00e9<\/u><\/strong><\/h3>\n<p><strong>1 Comment re\u00e7ois-je ma facture?<\/strong><\/p>\n<p>Vous recevrez votre facture directement apr\u00e8s la r\u00e9servation par e-mail.<\/p>\n<p><strong>2 Quel est le degr\u00e9 de s\u00e9curit\u00e9 de la r\u00e9servation?<\/strong><\/p>\n<p>Vos identifiants de connexion sont crypt\u00e9s (cryptage sur 128 bits via SSL) et stock\u00e9s sur des serveurs s\u00e9curis\u00e9s. Vos informations personnelles sont donc s\u00e9curis\u00e9es. Pour des raisons de s\u00e9curit\u00e9, nous vous recommandons de ne pas donner votre mot de passe personnel \u00e0 des tiers.<\/p>\n<p><strong>3 Modes de paiement<\/strong><\/p>\n<p>Nous proposons les modes de paiement suivants:<\/p>\n<p style=\"padding-left: 30px;\"><strong>Paiement en esp\u00e8ces<\/strong><\/p>\n<p style=\"padding-left: 30px;\">Lors de la collecte des marchandises r\u00e9serv\u00e9es, vous pouvez \u00e9galement payer votre r\u00e9servation en esp\u00e8ces.<\/p>\n<p style=\"padding-left: 30px;\"><strong>Carte de cr\u00e9dit<\/strong><\/p>\n<p style=\"padding-left: 30px;\">Lors de la prise en charge des marchandises r\u00e9serv\u00e9es, vous pouvez \u00e9galement payer votre r\u00e9servation localement par carte de cr\u00e9dit. Nous acceptons les cartes Eurocard \/ Mastercard et Visa.<\/p>\n<p>&nbsp;<\/p>\n<h3><strong><u>R\u00e9servation<\/u><\/strong><\/h3>\n<p><strong>1\u00a0R\u00e9servez pour la premi\u00e8re fois? Comment \u00e7a marche:<\/strong><\/p>\n<p>Une fois que vous avez plac\u00e9 tous les articles souhait\u00e9s dans le panier, cela continue &#8230;<\/p>\n<p>\u00c9tape 1: Connectez-vous ou inscrivez-vous<\/p>\n<p>Connectez-vous avec votre compte client existant ou enregistrez-vous en tant que nouveau client ou r\u00e9servez simplement sans compte client.<\/p>\n<p>\u00c9tape 2: Entrez l&#8217;adresse de facturation<\/p>\n<p>Entrez votre adresse de facturation et la date d&#8217;enl\u00e8vement.<\/p>\n<p>\u00c9tape 3: S\u00e9lectionnez le mode de paiement<\/p>\n<p>Choisissez entre le paiement en esp\u00e8ces ou par carte de cr\u00e9dit lors de la prise en charge de votre \/ vos r\u00e9servation(s).<\/p>\n<p>\u00c9tape 4: V\u00e9rifiez les donn\u00e9es, puis &#8220;Envoyer la r\u00e9servation&#8221;<\/p>\n<p>V\u00e9rifiez \u00e0 nouveau le formulaire de r\u00e9servation, modifiez-le \u00e9ventuellement avec le bouton &#8220;Modifier&#8221;. Dans ce cas, vous devez \u00e9galement accepter les conditions g\u00e9n\u00e9rales et la politique de confidentialit\u00e9. Vous devez \u00eatre \u00e2g\u00e9 de plus de 18 ans au moment de la commande. Cliquez ensuite sur &#8220;R\u00e9server maintenant&#8221;. Par la suite, vous recevrez un accus\u00e9 de r\u00e9ception. Le contrat d&#8217;achat est conclu par la collecte des marchandises. Veuillez imprimer tous les documents et les conserver.<\/p>\n<p><strong>2 Pourquoi dois-je m&#8217;inscrire?<\/strong><\/p>\n<p>En vous inscrivant pour un compte personnel, vous pouvez par exemple Affichez votre r\u00e9servation, modifiez votre mot de passe, g\u00e9rez votre adresse, etc. Vous n&#8217;avez pas besoin de saisir \u00e0 nouveau votre adresse de facturation compl\u00e8te \u00e0 chaque fois que vous effectuez une r\u00e9servation. Cela fait gagner du temps et \u00e9vite les erreurs de frappe.\u00a0Vous n&#8217;\u00eates pas oblig\u00e9 de vous inscrire, vous pouvez \u00e9galement faire une r\u00e9servation sans cr\u00e9er un compte client en tant qu&#8217;invit\u00e9.<\/p>\n<p><strong>3 Qu&#8217;advient-il de mes donn\u00e9es client?<\/strong><\/p>\n<p>Nous nous engageons \u00e0 prot\u00e9ger votre vie priv\u00e9e et vos informations personnelles et \u00e0 collecter, utiliser et traiter les informations personnelles uniquement conform\u00e9ment aux r\u00e8gles strictes du droit de la protection des donn\u00e9es de l&#8217;UE. Nous nous conformons aux dispositions strictes de la loi europ\u00e9enne sur la protection des donn\u00e9es. Vous pouvez en savoir plus sur notre politique de confidentialit\u00e9 dans notre menu sous &#8220;<a href=\"https:\/\/bodegasavinya.com\/fr\/datenschutz\/\">Confidentialit\u00e9<\/a>&#8220;.<\/p>\n<p><strong>4 Mes articles ne sont pas dans le panier.<\/strong><\/p>\n<p>Ceci est tr\u00e8s probablement li\u00e9 aux param\u00e8tres de votre navigateur. Veuillez configurer votre navigateur pour accepter les cookies. Sur la base des cookies, notre boutique peut modifier les \u00e9l\u00e9ments s\u00e9lectionn\u00e9s pour une r\u00e9servation.<\/p>\n<p><strong>5 Comment puis-je me d\u00e9connecter de la boutique?<\/strong><\/p>\n<p>Avec un simple clic sur &#8220;D\u00e9connexion&#8221; en haut de l&#8217;\u00e9cran, vous vous d\u00e9connectez de la boutique. Alternativement, vous pouvez \u00e9galement aller \u00e0 &#8220;Mon compte&#8221; sur le lien &#8220;Si vous n&#8217;\u00eates pas XYZ, veuillez vous d\u00e9connecter.&#8221; Cliquez sur. Si votre nom n&#8217;appara\u00eet plus, vous vous \u00eates d\u00e9connect\u00e9 avec succ\u00e8s.<\/p>\n","protected":false},"excerpt":{"rendered":"<p>Paiement et s\u00e9curit\u00e9 1 Comment re\u00e7ois-je ma facture? Vous recevrez votre facture directement apr\u00e8s la r\u00e9servation par e-mail. 2 Quel est le degr\u00e9 de s\u00e9curit\u00e9 de la r\u00e9servation? Vos identifiants de connexion sont crypt\u00e9s (cryptage sur 128 bits via SSL) et stock\u00e9s sur des serveurs s\u00e9curis\u00e9s. Vos informations personnelles sont donc s\u00e9curis\u00e9es. Pour des raisons [&hellip;]<\/p>\n","protected":false},"author":1,"featured_media":0,"parent":0,"menu_order":0,"comment_status":"closed","ping_status":"closed","template":"","meta":{"footnotes":""},"class_list":["post-663","page","type-page","status-publish","hentry"],"yoast_head":"<!-- This site is optimized with the Yoast SEO plugin v27.4 - https:\/\/yoast.com\/product\/yoast-seo-wordpress\/ -->\n<title>FAQ | Bodega Sa Vinya<\/title>\n<meta name=\"description\" content=\"Avez-vous des questions sur notre site Web et le processus de r\u00e9servation? Nous avons compil\u00e9 les r\u00e9ponses clairement pour vous.\" \/>\n<meta name=\"robots\" content=\"index, follow, max-snippet:-1, max-image-preview:large, max-video-preview:-1\" \/>\n<link rel=\"canonical\" href=\"https:\/\/bodegasavinya.com\/fr\/faq\/\" \/>\n<meta property=\"og:locale\" content=\"fr_FR\" \/>\n<meta property=\"og:type\" content=\"article\" \/>\n<meta property=\"og:title\" content=\"FAQ | Bodega Sa Vinya\" \/>\n<meta property=\"og:description\" content=\"Avez-vous des questions sur notre site Web et le processus de r\u00e9servation? Nous avons compil\u00e9 les r\u00e9ponses clairement pour vous.\" \/>\n<meta property=\"og:url\" content=\"https:\/\/bodegasavinya.com\/fr\/faq\/\" \/>\n<meta property=\"og:site_name\" content=\"Bodega Sa Vinya\" \/>\n<meta property=\"article:modified_time\" content=\"2019-04-05T08:19:28+00:00\" \/>\n<meta property=\"og:image\" content=\"https:\/\/bodegasavinya.com\/wp-content\/uploads\/2018\/10\/LOGO-bodega-Klein.png\" \/>\n\t<meta property=\"og:image:width\" content=\"200\" \/>\n\t<meta property=\"og:image:height\" content=\"161\" \/>\n\t<meta property=\"og:image:type\" content=\"image\/png\" \/>\n<meta name=\"twitter:card\" content=\"summary_large_image\" \/>\n<meta name=\"twitter:label1\" content=\"Dur\u00e9e de lecture estim\u00e9e\" \/>\n\t<meta name=\"twitter:data1\" content=\"3 minutes\" \/>\n<script type=\"application\/ld+json\" class=\"yoast-schema-graph\">{\"@context\":\"https:\\\/\\\/schema.org\",\"@graph\":[{\"@type\":\"WebPage\",\"@id\":\"https:\\\/\\\/bodegasavinya.com\\\/fr\\\/faq\\\/\",\"url\":\"https:\\\/\\\/bodegasavinya.com\\\/fr\\\/faq\\\/\",\"name\":\"FAQ | Bodega Sa Vinya\",\"isPartOf\":{\"@id\":\"https:\\\/\\\/bodegasavinya.com\\\/fr\\\/#website\"},\"datePublished\":\"2018-08-01T10:19:04+00:00\",\"dateModified\":\"2019-04-05T08:19:28+00:00\",\"description\":\"Avez-vous des questions sur notre site Web et le processus de r\u00e9servation? Nous avons compil\u00e9 les r\u00e9ponses clairement pour vous.\",\"breadcrumb\":{\"@id\":\"https:\\\/\\\/bodegasavinya.com\\\/fr\\\/faq\\\/#breadcrumb\"},\"inLanguage\":\"fr-FR\",\"potentialAction\":[{\"@type\":\"ReadAction\",\"target\":[\"https:\\\/\\\/bodegasavinya.com\\\/fr\\\/faq\\\/\"]}]},{\"@type\":\"BreadcrumbList\",\"@id\":\"https:\\\/\\\/bodegasavinya.com\\\/fr\\\/faq\\\/#breadcrumb\",\"itemListElement\":[{\"@type\":\"ListItem\",\"position\":1,\"name\":\"Page d'accueil\",\"item\":\"https:\\\/\\\/bodegasavinya.com\\\/fr\\\/\"},{\"@type\":\"ListItem\",\"position\":2,\"name\":\"FAQ\"}]},{\"@type\":\"WebSite\",\"@id\":\"https:\\\/\\\/bodegasavinya.com\\\/fr\\\/#website\",\"url\":\"https:\\\/\\\/bodegasavinya.com\\\/fr\\\/\",\"name\":\"Bodega Sa Vinya\",\"description\":\"Vinos y Arte\",\"publisher\":{\"@id\":\"https:\\\/\\\/bodegasavinya.com\\\/fr\\\/#organization\"},\"potentialAction\":[{\"@type\":\"SearchAction\",\"target\":{\"@type\":\"EntryPoint\",\"urlTemplate\":\"https:\\\/\\\/bodegasavinya.com\\\/fr\\\/?s={search_term_string}\"},\"query-input\":{\"@type\":\"PropertyValueSpecification\",\"valueRequired\":true,\"valueName\":\"search_term_string\"}}],\"inLanguage\":\"fr-FR\"},{\"@type\":\"Organization\",\"@id\":\"https:\\\/\\\/bodegasavinya.com\\\/fr\\\/#organization\",\"name\":\"Bodega Sa Vinya\",\"url\":\"https:\\\/\\\/bodegasavinya.com\\\/fr\\\/\",\"logo\":{\"@type\":\"ImageObject\",\"inLanguage\":\"fr-FR\",\"@id\":\"https:\\\/\\\/bodegasavinya.com\\\/fr\\\/#\\\/schema\\\/logo\\\/image\\\/\",\"url\":\"https:\\\/\\\/bodegasavinya.com\\\/wp-content\\\/uploads\\\/2018\\\/10\\\/LOGO-bodega-Klein.png\",\"contentUrl\":\"https:\\\/\\\/bodegasavinya.com\\\/wp-content\\\/uploads\\\/2018\\\/10\\\/LOGO-bodega-Klein.png\",\"width\":200,\"height\":161,\"caption\":\"Bodega Sa Vinya\"},\"image\":{\"@id\":\"https:\\\/\\\/bodegasavinya.com\\\/fr\\\/#\\\/schema\\\/logo\\\/image\\\/\"}}]}<\/script>\n<!-- \/ Yoast SEO plugin. -->","yoast_head_json":{"title":"FAQ | Bodega Sa Vinya","description":"Avez-vous des questions sur notre site Web et le processus de r\u00e9servation? Nous avons compil\u00e9 les r\u00e9ponses clairement pour vous.","robots":{"index":"index","follow":"follow","max-snippet":"max-snippet:-1","max-image-preview":"max-image-preview:large","max-video-preview":"max-video-preview:-1"},"canonical":"https:\/\/bodegasavinya.com\/fr\/faq\/","og_locale":"fr_FR","og_type":"article","og_title":"FAQ | Bodega Sa Vinya","og_description":"Avez-vous des questions sur notre site Web et le processus de r\u00e9servation? Nous avons compil\u00e9 les r\u00e9ponses clairement pour vous.","og_url":"https:\/\/bodegasavinya.com\/fr\/faq\/","og_site_name":"Bodega Sa Vinya","article_modified_time":"2019-04-05T08:19:28+00:00","og_image":[{"width":200,"height":161,"url":"https:\/\/bodegasavinya.com\/wp-content\/uploads\/2018\/10\/LOGO-bodega-Klein.png","type":"image\/png"}],"twitter_card":"summary_large_image","twitter_misc":{"Dur\u00e9e de lecture estim\u00e9e":"3 minutes"},"schema":{"@context":"https:\/\/schema.org","@graph":[{"@type":"WebPage","@id":"https:\/\/bodegasavinya.com\/fr\/faq\/","url":"https:\/\/bodegasavinya.com\/fr\/faq\/","name":"FAQ | Bodega Sa Vinya","isPartOf":{"@id":"https:\/\/bodegasavinya.com\/fr\/#website"},"datePublished":"2018-08-01T10:19:04+00:00","dateModified":"2019-04-05T08:19:28+00:00","description":"Avez-vous des questions sur notre site Web et le processus de r\u00e9servation? Nous avons compil\u00e9 les r\u00e9ponses clairement pour vous.","breadcrumb":{"@id":"https:\/\/bodegasavinya.com\/fr\/faq\/#breadcrumb"},"inLanguage":"fr-FR","potentialAction":[{"@type":"ReadAction","target":["https:\/\/bodegasavinya.com\/fr\/faq\/"]}]},{"@type":"BreadcrumbList","@id":"https:\/\/bodegasavinya.com\/fr\/faq\/#breadcrumb","itemListElement":[{"@type":"ListItem","position":1,"name":"Page d'accueil","item":"https:\/\/bodegasavinya.com\/fr\/"},{"@type":"ListItem","position":2,"name":"FAQ"}]},{"@type":"WebSite","@id":"https:\/\/bodegasavinya.com\/fr\/#website","url":"https:\/\/bodegasavinya.com\/fr\/","name":"Bodega Sa Vinya","description":"Vinos y Arte","publisher":{"@id":"https:\/\/bodegasavinya.com\/fr\/#organization"},"potentialAction":[{"@type":"SearchAction","target":{"@type":"EntryPoint","urlTemplate":"https:\/\/bodegasavinya.com\/fr\/?s={search_term_string}"},"query-input":{"@type":"PropertyValueSpecification","valueRequired":true,"valueName":"search_term_string"}}],"inLanguage":"fr-FR"},{"@type":"Organization","@id":"https:\/\/bodegasavinya.com\/fr\/#organization","name":"Bodega Sa Vinya","url":"https:\/\/bodegasavinya.com\/fr\/","logo":{"@type":"ImageObject","inLanguage":"fr-FR","@id":"https:\/\/bodegasavinya.com\/fr\/#\/schema\/logo\/image\/","url":"https:\/\/bodegasavinya.com\/wp-content\/uploads\/2018\/10\/LOGO-bodega-Klein.png","contentUrl":"https:\/\/bodegasavinya.com\/wp-content\/uploads\/2018\/10\/LOGO-bodega-Klein.png","width":200,"height":161,"caption":"Bodega Sa Vinya"},"image":{"@id":"https:\/\/bodegasavinya.com\/fr\/#\/schema\/logo\/image\/"}}]}},"_links":{"self":[{"href":"https:\/\/bodegasavinya.com\/fr\/wp-json\/wp\/v2\/pages\/663","targetHints":{"allow":["GET"]}}],"collection":[{"href":"https:\/\/bodegasavinya.com\/fr\/wp-json\/wp\/v2\/pages"}],"about":[{"href":"https:\/\/bodegasavinya.com\/fr\/wp-json\/wp\/v2\/types\/page"}],"author":[{"embeddable":true,"href":"https:\/\/bodegasavinya.com\/fr\/wp-json\/wp\/v2\/users\/1"}],"replies":[{"embeddable":true,"href":"https:\/\/bodegasavinya.com\/fr\/wp-json\/wp\/v2\/comments?post=663"}],"version-history":[{"count":0,"href":"https:\/\/bodegasavinya.com\/fr\/wp-json\/wp\/v2\/pages\/663\/revisions"}],"wp:attachment":[{"href":"https:\/\/bodegasavinya.com\/fr\/wp-json\/wp\/v2\/media?parent=663"}],"curies":[{"name":"wp","href":"https:\/\/api.w.org\/{rel}","templated":true}]}}