{"id":654,"date":"2017-07-06T08:50:11","date_gmt":"2017-07-06T08:50:11","guid":{"rendered":"https:\/\/bodegasavinya.com\/ueber-uns\/"},"modified":"2025-07-09T13:44:24","modified_gmt":"2025-07-09T13:44:24","slug":"ueber-uns","status":"publish","type":"page","link":"https:\/\/bodegasavinya.com\/fr\/ueber-uns\/","title":{"rendered":"Qui sommes nous"},"content":{"rendered":"<div class=\"wpb-content-wrapper\"><p>[vc_row][vc_column][vc_custom_heading text=&#8221;Qui sommes nous&#8221; font_container=&#8221;tag:h3|text_align:left|color:%23b62942&#8243; use_theme_fonts=&#8221;yes&#8221;][vc_column_text]<strong>Bodega Sa Vinya<\/strong> est un magasin sp\u00e9cialis\u00e9 dans les vins et \u00e9picerie fines au sud-est de l&#8217;\u00eele de Majorque, dans la ville de Llucmajor.<\/p>\n<p><strong>L&#8217;ambiance <\/strong><\/p>\n<p>est morbide, charmante, comme une cave \u00e0 vin.<\/p>\n<p><strong>D\u00e9veloppement durable<\/strong><\/p>\n<p>Tout a commenc\u00e9 il y a plusieurs ann\u00e9es, lorsque les vignobles de Majorque se sont reveill\u00e9s de leurs existence discr\u00e8te, apr\u00e8s avoir invest\u00ed dans la technologie &amp; des ann\u00e9es de travail acharn\u00e9, le vin de Majorque a re\u00e7u une reconnaissance mondial.<\/p>\n<p><strong>Confiance<\/strong><\/p>\n<p>Non seulement nous percevons nos liens \u00e9troits avec nos vignerons comme un privil\u00e8ge, mais ils constituent \u00e9galement la base inconditionnelle de notre travail quotidien.<\/p>\n<p>Le produit, dont nous pouvons suivre l\u2019origine et le cheminement de la vigne au casier \u00e0 vin, est tr\u00e8s important pour nous.<\/p>\n<p><strong>Fascination &amp; passion<\/strong><\/p>\n<p>Nous appr\u00e9cions beaucoup les vignobles r\u00e9put\u00e9s, mais on appr\u00e9cie aussi\u00a0 les \u00abgrands\u00bb vins \u00e0 bas prix, recherchons \u00e9galement des vins qui sont (encore) secrets, nous sommes int\u00e9ress\u00e9s par les grands projets vinicoles \u2026.<\/p>\n<p><strong>Service<\/strong><\/p>\n<p>En raison de la forte demande mais de la disponibilit\u00e9 limit\u00e9e de certains vins nous vous proposons la possibilit\u00e9e de faire des r\u00e9servations avant votre prochaine visite \u00e0 Majorque .<\/p>\n<p>&nbsp;[\/vc_column_text][vc_empty_space][\/vc_column][\/vc_row][vc_row][vc_column][vc_media_grid element_width=&#8221;3&#8243; css=&#8221;&#8221; grid_id=&#8221;vc_gid:1744104424209-c2aec98a-4cc3-1&#8243; include=&#8221;7582,7578,7574,7565,7561,7557,7553,7549,7545,7541,7537,7533,7529,7525,7521,7517,7513,7509,7505&#8243;][vc_empty_space][\/vc_column][\/vc_row]<\/p>\n<\/div>","protected":false},"excerpt":{"rendered":"<p>[vc_row][vc_column][vc_custom_heading text=&#8221;Qui sommes nous&#8221; font_container=&#8221;tag:h3|text_align:left|color:%23b62942&#8243; use_theme_fonts=&#8221;yes&#8221;][vc_column_text]Bodega Sa Vinya est un magasin sp\u00e9cialis\u00e9 dans les vins et \u00e9picerie fines au sud-est de l&#8217;\u00eele de Majorque, dans la ville de Llucmajor. L&#8217;ambiance est morbide, charmante, comme une cave \u00e0 vin. D\u00e9veloppement durable Tout a commenc\u00e9 il y a plusieurs ann\u00e9es, lorsque les vignobles de Majorque se sont [&hellip;]<\/p>\n","protected":false},"author":1,"featured_media":0,"parent":0,"menu_order":0,"comment_status":"closed","ping_status":"closed","template":"","meta":{"footnotes":""},"class_list":["post-654","page","type-page","status-publish","hentry"],"yoast_head":"<!-- This site is optimized with the Yoast SEO plugin v27.4 - https:\/\/yoast.com\/product\/yoast-seo-wordpress\/ -->\n<title>Qui sommes nous | Bodega Sa Vinya<\/title>\n<meta name=\"description\" content=\"Rencontrez l&#039;\u00e9quipe de la Bodega Sa Vinya, votre magasin de vin et d&#039;\u00e9picerie fine de confiance \u00e0 Llucmajor, Majorque.\" \/>\n<meta name=\"robots\" content=\"index, follow, max-snippet:-1, max-image-preview:large, max-video-preview:-1\" \/>\n<link rel=\"canonical\" href=\"https:\/\/bodegasavinya.com\/fr\/ueber-uns\/\" \/>\n<meta property=\"og:locale\" content=\"fr_FR\" \/>\n<meta property=\"og:type\" content=\"article\" \/>\n<meta property=\"og:title\" content=\"Qui sommes nous | Bodega Sa Vinya\" \/>\n<meta property=\"og:description\" content=\"Rencontrez l&#039;\u00e9quipe de la Bodega Sa Vinya, votre magasin de vin et d&#039;\u00e9picerie fine de confiance \u00e0 Llucmajor, Majorque.\" \/>\n<meta property=\"og:url\" content=\"https:\/\/bodegasavinya.com\/fr\/ueber-uns\/\" \/>\n<meta property=\"og:site_name\" content=\"Bodega Sa Vinya\" \/>\n<meta property=\"article:modified_time\" content=\"2025-07-09T13:44:24+00:00\" \/>\n<meta property=\"og:image\" content=\"https:\/\/bodegasavinya.com\/wp-content\/uploads\/2018\/10\/LOGO-bodega-Klein.png\" \/>\n\t<meta property=\"og:image:width\" content=\"200\" \/>\n\t<meta property=\"og:image:height\" content=\"161\" \/>\n\t<meta property=\"og:image:type\" content=\"image\/png\" \/>\n<meta name=\"twitter:card\" content=\"summary_large_image\" \/>\n<meta name=\"twitter:label1\" content=\"Dur\u00e9e de lecture estim\u00e9e\" \/>\n\t<meta name=\"twitter:data1\" content=\"1 minute\" \/>\n<script type=\"application\/ld+json\" class=\"yoast-schema-graph\">{\"@context\":\"https:\\\/\\\/schema.org\",\"@graph\":[{\"@type\":\"WebPage\",\"@id\":\"https:\\\/\\\/bodegasavinya.com\\\/fr\\\/ueber-uns\\\/\",\"url\":\"https:\\\/\\\/bodegasavinya.com\\\/fr\\\/ueber-uns\\\/\",\"name\":\"Qui sommes nous | Bodega Sa Vinya\",\"isPartOf\":{\"@id\":\"https:\\\/\\\/bodegasavinya.com\\\/fr\\\/#website\"},\"datePublished\":\"2017-07-06T08:50:11+00:00\",\"dateModified\":\"2025-07-09T13:44:24+00:00\",\"description\":\"Rencontrez l'\u00e9quipe de la Bodega Sa Vinya, votre magasin de vin et d'\u00e9picerie fine de confiance \u00e0 Llucmajor, Majorque.\",\"breadcrumb\":{\"@id\":\"https:\\\/\\\/bodegasavinya.com\\\/fr\\\/ueber-uns\\\/#breadcrumb\"},\"inLanguage\":\"fr-FR\",\"potentialAction\":[{\"@type\":\"ReadAction\",\"target\":[\"https:\\\/\\\/bodegasavinya.com\\\/fr\\\/ueber-uns\\\/\"]}]},{\"@type\":\"BreadcrumbList\",\"@id\":\"https:\\\/\\\/bodegasavinya.com\\\/fr\\\/ueber-uns\\\/#breadcrumb\",\"itemListElement\":[{\"@type\":\"ListItem\",\"position\":1,\"name\":\"Page d'accueil\",\"item\":\"https:\\\/\\\/bodegasavinya.com\\\/fr\\\/\"},{\"@type\":\"ListItem\",\"position\":2,\"name\":\"Qui sommes nous\"}]},{\"@type\":\"WebSite\",\"@id\":\"https:\\\/\\\/bodegasavinya.com\\\/fr\\\/#website\",\"url\":\"https:\\\/\\\/bodegasavinya.com\\\/fr\\\/\",\"name\":\"Bodega Sa Vinya\",\"description\":\"Vinos y Arte\",\"publisher\":{\"@id\":\"https:\\\/\\\/bodegasavinya.com\\\/fr\\\/#organization\"},\"potentialAction\":[{\"@type\":\"SearchAction\",\"target\":{\"@type\":\"EntryPoint\",\"urlTemplate\":\"https:\\\/\\\/bodegasavinya.com\\\/fr\\\/?s={search_term_string}\"},\"query-input\":{\"@type\":\"PropertyValueSpecification\",\"valueRequired\":true,\"valueName\":\"search_term_string\"}}],\"inLanguage\":\"fr-FR\"},{\"@type\":\"Organization\",\"@id\":\"https:\\\/\\\/bodegasavinya.com\\\/fr\\\/#organization\",\"name\":\"Bodega Sa Vinya\",\"url\":\"https:\\\/\\\/bodegasavinya.com\\\/fr\\\/\",\"logo\":{\"@type\":\"ImageObject\",\"inLanguage\":\"fr-FR\",\"@id\":\"https:\\\/\\\/bodegasavinya.com\\\/fr\\\/#\\\/schema\\\/logo\\\/image\\\/\",\"url\":\"https:\\\/\\\/bodegasavinya.com\\\/wp-content\\\/uploads\\\/2018\\\/10\\\/LOGO-bodega-Klein.png\",\"contentUrl\":\"https:\\\/\\\/bodegasavinya.com\\\/wp-content\\\/uploads\\\/2018\\\/10\\\/LOGO-bodega-Klein.png\",\"width\":200,\"height\":161,\"caption\":\"Bodega Sa Vinya\"},\"image\":{\"@id\":\"https:\\\/\\\/bodegasavinya.com\\\/fr\\\/#\\\/schema\\\/logo\\\/image\\\/\"}}]}<\/script>\n<!-- \/ Yoast SEO plugin. -->","yoast_head_json":{"title":"Qui sommes nous | Bodega Sa Vinya","description":"Rencontrez l'\u00e9quipe de la Bodega Sa Vinya, votre magasin de vin et d'\u00e9picerie fine de confiance \u00e0 Llucmajor, Majorque.","robots":{"index":"index","follow":"follow","max-snippet":"max-snippet:-1","max-image-preview":"max-image-preview:large","max-video-preview":"max-video-preview:-1"},"canonical":"https:\/\/bodegasavinya.com\/fr\/ueber-uns\/","og_locale":"fr_FR","og_type":"article","og_title":"Qui sommes nous | Bodega Sa Vinya","og_description":"Rencontrez l'\u00e9quipe de la Bodega Sa Vinya, votre magasin de vin et d'\u00e9picerie fine de confiance \u00e0 Llucmajor, Majorque.","og_url":"https:\/\/bodegasavinya.com\/fr\/ueber-uns\/","og_site_name":"Bodega Sa Vinya","article_modified_time":"2025-07-09T13:44:24+00:00","og_image":[{"width":200,"height":161,"url":"https:\/\/bodegasavinya.com\/wp-content\/uploads\/2018\/10\/LOGO-bodega-Klein.png","type":"image\/png"}],"twitter_card":"summary_large_image","twitter_misc":{"Dur\u00e9e de lecture estim\u00e9e":"1 minute"},"schema":{"@context":"https:\/\/schema.org","@graph":[{"@type":"WebPage","@id":"https:\/\/bodegasavinya.com\/fr\/ueber-uns\/","url":"https:\/\/bodegasavinya.com\/fr\/ueber-uns\/","name":"Qui sommes nous | Bodega Sa Vinya","isPartOf":{"@id":"https:\/\/bodegasavinya.com\/fr\/#website"},"datePublished":"2017-07-06T08:50:11+00:00","dateModified":"2025-07-09T13:44:24+00:00","description":"Rencontrez l'\u00e9quipe de la Bodega Sa Vinya, votre magasin de vin et d'\u00e9picerie fine de confiance \u00e0 Llucmajor, Majorque.","breadcrumb":{"@id":"https:\/\/bodegasavinya.com\/fr\/ueber-uns\/#breadcrumb"},"inLanguage":"fr-FR","potentialAction":[{"@type":"ReadAction","target":["https:\/\/bodegasavinya.com\/fr\/ueber-uns\/"]}]},{"@type":"BreadcrumbList","@id":"https:\/\/bodegasavinya.com\/fr\/ueber-uns\/#breadcrumb","itemListElement":[{"@type":"ListItem","position":1,"name":"Page d'accueil","item":"https:\/\/bodegasavinya.com\/fr\/"},{"@type":"ListItem","position":2,"name":"Qui sommes nous"}]},{"@type":"WebSite","@id":"https:\/\/bodegasavinya.com\/fr\/#website","url":"https:\/\/bodegasavinya.com\/fr\/","name":"Bodega Sa Vinya","description":"Vinos y Arte","publisher":{"@id":"https:\/\/bodegasavinya.com\/fr\/#organization"},"potentialAction":[{"@type":"SearchAction","target":{"@type":"EntryPoint","urlTemplate":"https:\/\/bodegasavinya.com\/fr\/?s={search_term_string}"},"query-input":{"@type":"PropertyValueSpecification","valueRequired":true,"valueName":"search_term_string"}}],"inLanguage":"fr-FR"},{"@type":"Organization","@id":"https:\/\/bodegasavinya.com\/fr\/#organization","name":"Bodega Sa Vinya","url":"https:\/\/bodegasavinya.com\/fr\/","logo":{"@type":"ImageObject","inLanguage":"fr-FR","@id":"https:\/\/bodegasavinya.com\/fr\/#\/schema\/logo\/image\/","url":"https:\/\/bodegasavinya.com\/wp-content\/uploads\/2018\/10\/LOGO-bodega-Klein.png","contentUrl":"https:\/\/bodegasavinya.com\/wp-content\/uploads\/2018\/10\/LOGO-bodega-Klein.png","width":200,"height":161,"caption":"Bodega Sa Vinya"},"image":{"@id":"https:\/\/bodegasavinya.com\/fr\/#\/schema\/logo\/image\/"}}]}},"_links":{"self":[{"href":"https:\/\/bodegasavinya.com\/fr\/wp-json\/wp\/v2\/pages\/654","targetHints":{"allow":["GET"]}}],"collection":[{"href":"https:\/\/bodegasavinya.com\/fr\/wp-json\/wp\/v2\/pages"}],"about":[{"href":"https:\/\/bodegasavinya.com\/fr\/wp-json\/wp\/v2\/types\/page"}],"author":[{"embeddable":true,"href":"https:\/\/bodegasavinya.com\/fr\/wp-json\/wp\/v2\/users\/1"}],"replies":[{"embeddable":true,"href":"https:\/\/bodegasavinya.com\/fr\/wp-json\/wp\/v2\/comments?post=654"}],"version-history":[{"count":7,"href":"https:\/\/bodegasavinya.com\/fr\/wp-json\/wp\/v2\/pages\/654\/revisions"}],"predecessor-version":[{"id":8103,"href":"https:\/\/bodegasavinya.com\/fr\/wp-json\/wp\/v2\/pages\/654\/revisions\/8103"}],"wp:attachment":[{"href":"https:\/\/bodegasavinya.com\/fr\/wp-json\/wp\/v2\/media?parent=654"}],"curies":[{"name":"wp","href":"https:\/\/api.w.org\/{rel}","templated":true}]}}