{"id":8334,"date":"2025-10-23T11:32:46","date_gmt":"2025-10-23T11:32:46","guid":{"rendered":"https:\/\/bodegasavinya.com\/?post_type=product&#038;p=8334"},"modified":"2025-10-23T11:32:47","modified_gmt":"2025-10-23T11:32:47","slug":"aalto-ps-2022","status":"publish","type":"product","link":"https:\/\/bodegasavinya.com\/es\/producto\/aalto-ps-2022\/","title":{"rendered":"AALTO PS 2022"},"content":{"rendered":"","protected":false},"excerpt":{"rendered":"","protected":false},"featured_media":8338,"template":"","meta":[],"product_brand":[],"product_cat":[238,247],"product_tag":[7275],"class_list":{"0":"post-8334","1":"product","2":"type-product","3":"status-publish","4":"has-post-thumbnail","6":"product_cat-vino","7":"product_cat-vino-tinto","8":"product_tag-aalto-ps","10":"first","11":"instock","12":"taxable","13":"shipping-taxable","14":"purchasable","15":"product-type-simple"},"yoast_head":"<!-- This site is optimized with the Yoast SEO plugin v27.2 - https:\/\/yoast.com\/product\/yoast-seo-wordpress\/ -->\n<title>AALTO PS 2022 | Bodega Sa Vinya<\/title>\n<meta name=\"description\" content=\"Bodega Sa Vinya, Vino, Comercio de vinos, Sabor, Compro, Champ\u00e1n, Vino espumoso, Cava, Aceites, Vinagres, Prosecco, Vino blanco, Vino tinto, Vinos rosados, Gin, Whisky, Licores, Brandy, Vino helado, Deli, Cava Ros\u00e9, Grappa, Aceite de oliva, Tonico Vino dulce, Regalos, Cupones, Italia, Francia, Espa\u00f1a, Chile, California, Sud\u00e1frica, Australia, Austria, Mallorca,\" \/>\n<meta name=\"robots\" content=\"index, follow, max-snippet:-1, max-image-preview:large, max-video-preview:-1\" \/>\n<link rel=\"canonical\" href=\"https:\/\/bodegasavinya.com\/es\/producto\/aalto-ps-2022\/\" \/>\n<meta property=\"og:locale\" content=\"es_ES\" \/>\n<meta property=\"og:type\" content=\"article\" \/>\n<meta property=\"og:title\" content=\"AALTO PS 2022 | Bodega Sa Vinya\" \/>\n<meta property=\"og:description\" content=\"Bodega Sa Vinya, Vino, Comercio de vinos, Sabor, Compro, Champ\u00e1n, Vino espumoso, Cava, Aceites, Vinagres, Prosecco, Vino blanco, Vino tinto, Vinos rosados, Gin, Whisky, Licores, Brandy, Vino helado, Deli, Cava Ros\u00e9, Grappa, Aceite de oliva, Tonico Vino dulce, Regalos, Cupones, Italia, Francia, Espa\u00f1a, Chile, California, Sud\u00e1frica, Australia, Austria, Mallorca,\" \/>\n<meta property=\"og:url\" content=\"https:\/\/bodegasavinya.com\/es\/producto\/aalto-ps-2022\/\" \/>\n<meta property=\"og:site_name\" content=\"Bodega Sa Vinya\" \/>\n<meta property=\"article:modified_time\" content=\"2025-10-23T11:32:47+00:00\" \/>\n<meta property=\"og:image\" content=\"https:\/\/bodegasavinya.com\/wp-content\/uploads\/2025\/10\/Aalto-PS.png\" \/>\n\t<meta property=\"og:image:width\" content=\"500\" \/>\n\t<meta property=\"og:image:height\" content=\"500\" \/>\n\t<meta property=\"og:image:type\" content=\"image\/png\" \/>\n<meta name=\"twitter:card\" content=\"summary_large_image\" \/>\n<script type=\"application\/ld+json\" class=\"yoast-schema-graph\">{\"@context\":\"https:\/\/schema.org\",\"@graph\":[{\"@type\":\"WebPage\",\"@id\":\"https:\/\/bodegasavinya.com\/es\/producto\/aalto-ps-2022\/\",\"url\":\"https:\/\/bodegasavinya.com\/es\/producto\/aalto-ps-2022\/\",\"name\":\"AALTO PS 2022 | Bodega Sa Vinya\",\"isPartOf\":{\"@id\":\"https:\/\/bodegasavinya.com\/es\/#website\"},\"primaryImageOfPage\":{\"@id\":\"https:\/\/bodegasavinya.com\/es\/producto\/aalto-ps-2022\/#primaryimage\"},\"image\":{\"@id\":\"https:\/\/bodegasavinya.com\/es\/producto\/aalto-ps-2022\/#primaryimage\"},\"thumbnailUrl\":\"https:\/\/bodegasavinya.com\/wp-content\/uploads\/2025\/10\/Aalto-PS.png\",\"datePublished\":\"2025-10-23T11:32:46+00:00\",\"dateModified\":\"2025-10-23T11:32:47+00:00\",\"description\":\"Bodega Sa Vinya, Vino, Comercio de vinos, Sabor, Compro, Champ\u00e1n, Vino espumoso, Cava, Aceites, Vinagres, Prosecco, Vino blanco, Vino tinto, Vinos rosados, Gin, Whisky, Licores, Brandy, Vino helado, Deli, Cava Ros\u00e9, Grappa, Aceite de oliva, Tonico Vino dulce, Regalos, Cupones, Italia, Francia, Espa\u00f1a, Chile, California, Sud\u00e1frica, Australia, Austria, Mallorca,\",\"breadcrumb\":{\"@id\":\"https:\/\/bodegasavinya.com\/es\/producto\/aalto-ps-2022\/#breadcrumb\"},\"inLanguage\":\"es\",\"potentialAction\":[{\"@type\":\"ReadAction\",\"target\":[\"https:\/\/bodegasavinya.com\/es\/producto\/aalto-ps-2022\/\"]}]},{\"@type\":\"ImageObject\",\"inLanguage\":\"es\",\"@id\":\"https:\/\/bodegasavinya.com\/es\/producto\/aalto-ps-2022\/#primaryimage\",\"url\":\"https:\/\/bodegasavinya.com\/wp-content\/uploads\/2025\/10\/Aalto-PS.png\",\"contentUrl\":\"https:\/\/bodegasavinya.com\/wp-content\/uploads\/2025\/10\/Aalto-PS.png\",\"width\":500,\"height\":500},{\"@type\":\"BreadcrumbList\",\"@id\":\"https:\/\/bodegasavinya.com\/es\/producto\/aalto-ps-2022\/#breadcrumb\",\"itemListElement\":[{\"@type\":\"ListItem\",\"position\":1,\"name\":\"Start page\",\"item\":\"https:\/\/bodegasavinya.com\/es\/\"},{\"@type\":\"ListItem\",\"position\":2,\"name\":\"Galer\u00eda de productos\",\"item\":\"https:\/\/bodegasavinya.com\/es\/produktgalerie\/\"},{\"@type\":\"ListItem\",\"position\":3,\"name\":\"AALTO PS 2022\"}]},{\"@type\":\"WebSite\",\"@id\":\"https:\/\/bodegasavinya.com\/es\/#website\",\"url\":\"https:\/\/bodegasavinya.com\/es\/\",\"name\":\"Bodega Sa Vinya\",\"description\":\"Vinos y Arte\",\"publisher\":{\"@id\":\"https:\/\/bodegasavinya.com\/es\/#organization\"},\"potentialAction\":[{\"@type\":\"SearchAction\",\"target\":{\"@type\":\"EntryPoint\",\"urlTemplate\":\"https:\/\/bodegasavinya.com\/es\/?s={search_term_string}\"},\"query-input\":{\"@type\":\"PropertyValueSpecification\",\"valueRequired\":true,\"valueName\":\"search_term_string\"}}],\"inLanguage\":\"es\"},{\"@type\":\"Organization\",\"@id\":\"https:\/\/bodegasavinya.com\/es\/#organization\",\"name\":\"Bodega Sa Vinya\",\"url\":\"https:\/\/bodegasavinya.com\/es\/\",\"logo\":{\"@type\":\"ImageObject\",\"inLanguage\":\"es\",\"@id\":\"https:\/\/bodegasavinya.com\/es\/#\/schema\/logo\/image\/\",\"url\":\"https:\/\/bodegasavinya.com\/wp-content\/uploads\/2018\/10\/LOGO-bodega-Klein.png\",\"contentUrl\":\"https:\/\/bodegasavinya.com\/wp-content\/uploads\/2018\/10\/LOGO-bodega-Klein.png\",\"width\":200,\"height\":161,\"caption\":\"Bodega Sa Vinya\"},\"image\":{\"@id\":\"https:\/\/bodegasavinya.com\/es\/#\/schema\/logo\/image\/\"}}]}<\/script>\n<!-- \/ Yoast SEO plugin. -->","yoast_head_json":{"title":"AALTO PS 2022 | Bodega Sa Vinya","description":"Bodega Sa Vinya, Vino, Comercio de vinos, Sabor, Compro, Champ\u00e1n, Vino espumoso, Cava, Aceites, Vinagres, Prosecco, Vino blanco, Vino tinto, Vinos rosados, Gin, Whisky, Licores, Brandy, Vino helado, Deli, Cava Ros\u00e9, Grappa, Aceite de oliva, Tonico Vino dulce, Regalos, Cupones, Italia, Francia, Espa\u00f1a, Chile, California, Sud\u00e1frica, Australia, Austria, Mallorca,","robots":{"index":"index","follow":"follow","max-snippet":"max-snippet:-1","max-image-preview":"max-image-preview:large","max-video-preview":"max-video-preview:-1"},"canonical":"https:\/\/bodegasavinya.com\/es\/producto\/aalto-ps-2022\/","og_locale":"es_ES","og_type":"article","og_title":"AALTO PS 2022 | Bodega Sa Vinya","og_description":"Bodega Sa Vinya, Vino, Comercio de vinos, Sabor, Compro, Champ\u00e1n, Vino espumoso, Cava, Aceites, Vinagres, Prosecco, Vino blanco, Vino tinto, Vinos rosados, Gin, Whisky, Licores, Brandy, Vino helado, Deli, Cava Ros\u00e9, Grappa, Aceite de oliva, Tonico Vino dulce, Regalos, Cupones, Italia, Francia, Espa\u00f1a, Chile, California, Sud\u00e1frica, Australia, Austria, Mallorca,","og_url":"https:\/\/bodegasavinya.com\/es\/producto\/aalto-ps-2022\/","og_site_name":"Bodega Sa Vinya","article_modified_time":"2025-10-23T11:32:47+00:00","og_image":[{"width":500,"height":500,"url":"https:\/\/bodegasavinya.com\/wp-content\/uploads\/2025\/10\/Aalto-PS.png","type":"image\/png"}],"twitter_card":"summary_large_image","schema":{"@context":"https:\/\/schema.org","@graph":[{"@type":"WebPage","@id":"https:\/\/bodegasavinya.com\/es\/producto\/aalto-ps-2022\/","url":"https:\/\/bodegasavinya.com\/es\/producto\/aalto-ps-2022\/","name":"AALTO PS 2022 | Bodega Sa Vinya","isPartOf":{"@id":"https:\/\/bodegasavinya.com\/es\/#website"},"primaryImageOfPage":{"@id":"https:\/\/bodegasavinya.com\/es\/producto\/aalto-ps-2022\/#primaryimage"},"image":{"@id":"https:\/\/bodegasavinya.com\/es\/producto\/aalto-ps-2022\/#primaryimage"},"thumbnailUrl":"https:\/\/bodegasavinya.com\/wp-content\/uploads\/2025\/10\/Aalto-PS.png","datePublished":"2025-10-23T11:32:46+00:00","dateModified":"2025-10-23T11:32:47+00:00","description":"Bodega Sa Vinya, Vino, Comercio de vinos, Sabor, Compro, Champ\u00e1n, Vino espumoso, Cava, Aceites, Vinagres, Prosecco, Vino blanco, Vino tinto, Vinos rosados, Gin, Whisky, Licores, Brandy, Vino helado, Deli, Cava Ros\u00e9, Grappa, Aceite de oliva, Tonico Vino dulce, Regalos, Cupones, Italia, Francia, Espa\u00f1a, Chile, California, Sud\u00e1frica, Australia, Austria, Mallorca,","breadcrumb":{"@id":"https:\/\/bodegasavinya.com\/es\/producto\/aalto-ps-2022\/#breadcrumb"},"inLanguage":"es","potentialAction":[{"@type":"ReadAction","target":["https:\/\/bodegasavinya.com\/es\/producto\/aalto-ps-2022\/"]}]},{"@type":"ImageObject","inLanguage":"es","@id":"https:\/\/bodegasavinya.com\/es\/producto\/aalto-ps-2022\/#primaryimage","url":"https:\/\/bodegasavinya.com\/wp-content\/uploads\/2025\/10\/Aalto-PS.png","contentUrl":"https:\/\/bodegasavinya.com\/wp-content\/uploads\/2025\/10\/Aalto-PS.png","width":500,"height":500},{"@type":"BreadcrumbList","@id":"https:\/\/bodegasavinya.com\/es\/producto\/aalto-ps-2022\/#breadcrumb","itemListElement":[{"@type":"ListItem","position":1,"name":"Start page","item":"https:\/\/bodegasavinya.com\/es\/"},{"@type":"ListItem","position":2,"name":"Galer\u00eda de productos","item":"https:\/\/bodegasavinya.com\/es\/produktgalerie\/"},{"@type":"ListItem","position":3,"name":"AALTO PS 2022"}]},{"@type":"WebSite","@id":"https:\/\/bodegasavinya.com\/es\/#website","url":"https:\/\/bodegasavinya.com\/es\/","name":"Bodega Sa Vinya","description":"Vinos y Arte","publisher":{"@id":"https:\/\/bodegasavinya.com\/es\/#organization"},"potentialAction":[{"@type":"SearchAction","target":{"@type":"EntryPoint","urlTemplate":"https:\/\/bodegasavinya.com\/es\/?s={search_term_string}"},"query-input":{"@type":"PropertyValueSpecification","valueRequired":true,"valueName":"search_term_string"}}],"inLanguage":"es"},{"@type":"Organization","@id":"https:\/\/bodegasavinya.com\/es\/#organization","name":"Bodega Sa Vinya","url":"https:\/\/bodegasavinya.com\/es\/","logo":{"@type":"ImageObject","inLanguage":"es","@id":"https:\/\/bodegasavinya.com\/es\/#\/schema\/logo\/image\/","url":"https:\/\/bodegasavinya.com\/wp-content\/uploads\/2018\/10\/LOGO-bodega-Klein.png","contentUrl":"https:\/\/bodegasavinya.com\/wp-content\/uploads\/2018\/10\/LOGO-bodega-Klein.png","width":200,"height":161,"caption":"Bodega Sa Vinya"},"image":{"@id":"https:\/\/bodegasavinya.com\/es\/#\/schema\/logo\/image\/"}}]}},"_links":{"self":[{"href":"https:\/\/bodegasavinya.com\/es\/wp-json\/wp\/v2\/product\/8334","targetHints":{"allow":["GET"]}}],"collection":[{"href":"https:\/\/bodegasavinya.com\/es\/wp-json\/wp\/v2\/product"}],"about":[{"href":"https:\/\/bodegasavinya.com\/es\/wp-json\/wp\/v2\/types\/product"}],"wp:featuredmedia":[{"embeddable":true,"href":"https:\/\/bodegasavinya.com\/es\/wp-json\/wp\/v2\/media\/8338"}],"wp:attachment":[{"href":"https:\/\/bodegasavinya.com\/es\/wp-json\/wp\/v2\/media?parent=8334"}],"wp:term":[{"taxonomy":"product_brand","embeddable":true,"href":"https:\/\/bodegasavinya.com\/es\/wp-json\/wp\/v2\/product_brand?post=8334"},{"taxonomy":"product_cat","embeddable":true,"href":"https:\/\/bodegasavinya.com\/es\/wp-json\/wp\/v2\/product_cat?post=8334"},{"taxonomy":"product_tag","embeddable":true,"href":"https:\/\/bodegasavinya.com\/es\/wp-json\/wp\/v2\/product_tag?post=8334"}],"curies":[{"name":"wp","href":"https:\/\/api.w.org\/{rel}","templated":true}]}}