{"id":7787,"date":"2025-06-29T08:13:53","date_gmt":"2025-06-29T08:13:53","guid":{"rendered":"https:\/\/bodegasavinya.com\/?post_type=product&#038;p=7787"},"modified":"2025-06-30T11:27:18","modified_gmt":"2025-06-30T11:27:18","slug":"just-for-cheese-higos-negros","status":"publish","type":"product","link":"https:\/\/bodegasavinya.com\/es\/producto\/just-for-cheese-higos-negros\/","title":{"rendered":"Can Bech Just for cheese &#8220;Higos negros&#8221;"},"content":{"rendered":"","protected":false},"excerpt":{"rendered":"","protected":false},"featured_media":7791,"template":"","meta":[],"product_brand":[],"product_cat":[217],"product_tag":[7042,7082,7083,7043],"class_list":{"0":"post-7787","1":"product","2":"type-product","3":"status-publish","4":"has-post-thumbnail","6":"product_cat-delicatessen-es","7":"product_tag-can-bech-es","8":"product_tag-delicatessen-es","9":"product_tag-higos-negros-es","10":"product_tag-just-for-cheese-es","12":"first","13":"instock","14":"taxable","15":"shipping-taxable","16":"purchasable","17":"product-type-simple"},"yoast_head":"<!-- This site is optimized with the Yoast SEO plugin v27.2 - https:\/\/yoast.com\/product\/yoast-seo-wordpress\/ -->\n<title>Can Bech Just for cheese &quot;Higos negros&quot; | Bodega Sa Vinya<\/title>\n<meta name=\"description\" content=\"Bodega Sa Vinya, Vino, Comercio de vinos, Sabor, Compro, Champ\u00e1n, Vino espumoso, Cava, Aceites, Vinagres, Prosecco, Vino blanco, Vino tinto, Vinos rosados, Gin, Whisky, Licores, Brandy, Vino helado, Deli, Cava Ros\u00e9, Grappa, Aceite de oliva, Tonico Vino dulce, Regalos, Cupones, Italia, Francia, Espa\u00f1a, Chile, California, Sud\u00e1frica, Australia, Austria, Mallorca,\" \/>\n<meta name=\"robots\" content=\"index, follow, max-snippet:-1, max-image-preview:large, max-video-preview:-1\" \/>\n<link rel=\"canonical\" href=\"https:\/\/bodegasavinya.com\/es\/producto\/just-for-cheese-higos-negros\/\" \/>\n<meta property=\"og:locale\" content=\"es_ES\" \/>\n<meta property=\"og:type\" content=\"article\" \/>\n<meta property=\"og:title\" content=\"Can Bech Just for cheese &quot;Higos negros&quot; | Bodega Sa Vinya\" \/>\n<meta property=\"og:description\" content=\"Bodega Sa Vinya, Vino, Comercio de vinos, Sabor, Compro, Champ\u00e1n, Vino espumoso, Cava, Aceites, Vinagres, Prosecco, Vino blanco, Vino tinto, Vinos rosados, Gin, Whisky, Licores, Brandy, Vino helado, Deli, Cava Ros\u00e9, Grappa, Aceite de oliva, Tonico Vino dulce, Regalos, Cupones, Italia, Francia, Espa\u00f1a, Chile, California, Sud\u00e1frica, Australia, Austria, Mallorca,\" \/>\n<meta property=\"og:url\" content=\"https:\/\/bodegasavinya.com\/es\/producto\/just-for-cheese-higos-negros\/\" \/>\n<meta property=\"og:site_name\" content=\"Bodega Sa Vinya\" \/>\n<meta property=\"article:modified_time\" content=\"2025-06-30T11:27:18+00:00\" \/>\n<meta property=\"og:image\" content=\"https:\/\/bodegasavinya.com\/wp-content\/uploads\/2025\/06\/Can-Bech-Higos-1.png\" \/>\n\t<meta property=\"og:image:width\" content=\"500\" \/>\n\t<meta property=\"og:image:height\" content=\"500\" \/>\n\t<meta property=\"og:image:type\" content=\"image\/png\" \/>\n<meta name=\"twitter:card\" content=\"summary_large_image\" \/>\n<script type=\"application\/ld+json\" class=\"yoast-schema-graph\">{\"@context\":\"https:\/\/schema.org\",\"@graph\":[{\"@type\":\"WebPage\",\"@id\":\"https:\/\/bodegasavinya.com\/es\/producto\/just-for-cheese-higos-negros\/\",\"url\":\"https:\/\/bodegasavinya.com\/es\/producto\/just-for-cheese-higos-negros\/\",\"name\":\"Can Bech Just for cheese \\\"Higos negros\\\" | Bodega Sa Vinya\",\"isPartOf\":{\"@id\":\"https:\/\/bodegasavinya.com\/es\/#website\"},\"primaryImageOfPage\":{\"@id\":\"https:\/\/bodegasavinya.com\/es\/producto\/just-for-cheese-higos-negros\/#primaryimage\"},\"image\":{\"@id\":\"https:\/\/bodegasavinya.com\/es\/producto\/just-for-cheese-higos-negros\/#primaryimage\"},\"thumbnailUrl\":\"https:\/\/bodegasavinya.com\/wp-content\/uploads\/2025\/06\/Can-Bech-Higos-1.png\",\"datePublished\":\"2025-06-29T08:13:53+00:00\",\"dateModified\":\"2025-06-30T11:27:18+00:00\",\"description\":\"Bodega Sa Vinya, Vino, Comercio de vinos, Sabor, Compro, Champ\u00e1n, Vino espumoso, Cava, Aceites, Vinagres, Prosecco, Vino blanco, Vino tinto, Vinos rosados, Gin, Whisky, Licores, Brandy, Vino helado, Deli, Cava Ros\u00e9, Grappa, Aceite de oliva, Tonico Vino dulce, Regalos, Cupones, Italia, Francia, Espa\u00f1a, Chile, California, Sud\u00e1frica, Australia, Austria, Mallorca,\",\"breadcrumb\":{\"@id\":\"https:\/\/bodegasavinya.com\/es\/producto\/just-for-cheese-higos-negros\/#breadcrumb\"},\"inLanguage\":\"es\",\"potentialAction\":[{\"@type\":\"ReadAction\",\"target\":[\"https:\/\/bodegasavinya.com\/es\/producto\/just-for-cheese-higos-negros\/\"]}]},{\"@type\":\"ImageObject\",\"inLanguage\":\"es\",\"@id\":\"https:\/\/bodegasavinya.com\/es\/producto\/just-for-cheese-higos-negros\/#primaryimage\",\"url\":\"https:\/\/bodegasavinya.com\/wp-content\/uploads\/2025\/06\/Can-Bech-Higos-1.png\",\"contentUrl\":\"https:\/\/bodegasavinya.com\/wp-content\/uploads\/2025\/06\/Can-Bech-Higos-1.png\",\"width\":500,\"height\":500},{\"@type\":\"BreadcrumbList\",\"@id\":\"https:\/\/bodegasavinya.com\/es\/producto\/just-for-cheese-higos-negros\/#breadcrumb\",\"itemListElement\":[{\"@type\":\"ListItem\",\"position\":1,\"name\":\"Start page\",\"item\":\"https:\/\/bodegasavinya.com\/es\/\"},{\"@type\":\"ListItem\",\"position\":2,\"name\":\"Galer\u00eda de productos\",\"item\":\"https:\/\/bodegasavinya.com\/es\/produktgalerie\/\"},{\"@type\":\"ListItem\",\"position\":3,\"name\":\"Can Bech Just for cheese &#8220;Higos negros&#8221;\"}]},{\"@type\":\"WebSite\",\"@id\":\"https:\/\/bodegasavinya.com\/es\/#website\",\"url\":\"https:\/\/bodegasavinya.com\/es\/\",\"name\":\"Bodega Sa Vinya\",\"description\":\"Vinos y Arte\",\"publisher\":{\"@id\":\"https:\/\/bodegasavinya.com\/es\/#organization\"},\"potentialAction\":[{\"@type\":\"SearchAction\",\"target\":{\"@type\":\"EntryPoint\",\"urlTemplate\":\"https:\/\/bodegasavinya.com\/es\/?s={search_term_string}\"},\"query-input\":{\"@type\":\"PropertyValueSpecification\",\"valueRequired\":true,\"valueName\":\"search_term_string\"}}],\"inLanguage\":\"es\"},{\"@type\":\"Organization\",\"@id\":\"https:\/\/bodegasavinya.com\/es\/#organization\",\"name\":\"Bodega Sa Vinya\",\"url\":\"https:\/\/bodegasavinya.com\/es\/\",\"logo\":{\"@type\":\"ImageObject\",\"inLanguage\":\"es\",\"@id\":\"https:\/\/bodegasavinya.com\/es\/#\/schema\/logo\/image\/\",\"url\":\"https:\/\/bodegasavinya.com\/wp-content\/uploads\/2018\/10\/LOGO-bodega-Klein.png\",\"contentUrl\":\"https:\/\/bodegasavinya.com\/wp-content\/uploads\/2018\/10\/LOGO-bodega-Klein.png\",\"width\":200,\"height\":161,\"caption\":\"Bodega Sa Vinya\"},\"image\":{\"@id\":\"https:\/\/bodegasavinya.com\/es\/#\/schema\/logo\/image\/\"}}]}<\/script>\n<!-- \/ Yoast SEO plugin. -->","yoast_head_json":{"title":"Can Bech Just for cheese \"Higos negros\" | Bodega Sa Vinya","description":"Bodega Sa Vinya, Vino, Comercio de vinos, Sabor, Compro, Champ\u00e1n, Vino espumoso, Cava, Aceites, Vinagres, Prosecco, Vino blanco, Vino tinto, Vinos rosados, Gin, Whisky, Licores, Brandy, Vino helado, Deli, Cava Ros\u00e9, Grappa, Aceite de oliva, Tonico Vino dulce, Regalos, Cupones, Italia, Francia, Espa\u00f1a, Chile, California, Sud\u00e1frica, Australia, Austria, Mallorca,","robots":{"index":"index","follow":"follow","max-snippet":"max-snippet:-1","max-image-preview":"max-image-preview:large","max-video-preview":"max-video-preview:-1"},"canonical":"https:\/\/bodegasavinya.com\/es\/producto\/just-for-cheese-higos-negros\/","og_locale":"es_ES","og_type":"article","og_title":"Can Bech Just for cheese \"Higos negros\" | Bodega Sa Vinya","og_description":"Bodega Sa Vinya, Vino, Comercio de vinos, Sabor, Compro, Champ\u00e1n, Vino espumoso, Cava, Aceites, Vinagres, Prosecco, Vino blanco, Vino tinto, Vinos rosados, Gin, Whisky, Licores, Brandy, Vino helado, Deli, Cava Ros\u00e9, Grappa, Aceite de oliva, Tonico Vino dulce, Regalos, Cupones, Italia, Francia, Espa\u00f1a, Chile, California, Sud\u00e1frica, Australia, Austria, Mallorca,","og_url":"https:\/\/bodegasavinya.com\/es\/producto\/just-for-cheese-higos-negros\/","og_site_name":"Bodega Sa Vinya","article_modified_time":"2025-06-30T11:27:18+00:00","og_image":[{"width":500,"height":500,"url":"https:\/\/bodegasavinya.com\/wp-content\/uploads\/2025\/06\/Can-Bech-Higos-1.png","type":"image\/png"}],"twitter_card":"summary_large_image","schema":{"@context":"https:\/\/schema.org","@graph":[{"@type":"WebPage","@id":"https:\/\/bodegasavinya.com\/es\/producto\/just-for-cheese-higos-negros\/","url":"https:\/\/bodegasavinya.com\/es\/producto\/just-for-cheese-higos-negros\/","name":"Can Bech Just for cheese \"Higos negros\" | Bodega Sa Vinya","isPartOf":{"@id":"https:\/\/bodegasavinya.com\/es\/#website"},"primaryImageOfPage":{"@id":"https:\/\/bodegasavinya.com\/es\/producto\/just-for-cheese-higos-negros\/#primaryimage"},"image":{"@id":"https:\/\/bodegasavinya.com\/es\/producto\/just-for-cheese-higos-negros\/#primaryimage"},"thumbnailUrl":"https:\/\/bodegasavinya.com\/wp-content\/uploads\/2025\/06\/Can-Bech-Higos-1.png","datePublished":"2025-06-29T08:13:53+00:00","dateModified":"2025-06-30T11:27:18+00:00","description":"Bodega Sa Vinya, Vino, Comercio de vinos, Sabor, Compro, Champ\u00e1n, Vino espumoso, Cava, Aceites, Vinagres, Prosecco, Vino blanco, Vino tinto, Vinos rosados, Gin, Whisky, Licores, Brandy, Vino helado, Deli, Cava Ros\u00e9, Grappa, Aceite de oliva, Tonico Vino dulce, Regalos, Cupones, Italia, Francia, Espa\u00f1a, Chile, California, Sud\u00e1frica, Australia, Austria, Mallorca,","breadcrumb":{"@id":"https:\/\/bodegasavinya.com\/es\/producto\/just-for-cheese-higos-negros\/#breadcrumb"},"inLanguage":"es","potentialAction":[{"@type":"ReadAction","target":["https:\/\/bodegasavinya.com\/es\/producto\/just-for-cheese-higos-negros\/"]}]},{"@type":"ImageObject","inLanguage":"es","@id":"https:\/\/bodegasavinya.com\/es\/producto\/just-for-cheese-higos-negros\/#primaryimage","url":"https:\/\/bodegasavinya.com\/wp-content\/uploads\/2025\/06\/Can-Bech-Higos-1.png","contentUrl":"https:\/\/bodegasavinya.com\/wp-content\/uploads\/2025\/06\/Can-Bech-Higos-1.png","width":500,"height":500},{"@type":"BreadcrumbList","@id":"https:\/\/bodegasavinya.com\/es\/producto\/just-for-cheese-higos-negros\/#breadcrumb","itemListElement":[{"@type":"ListItem","position":1,"name":"Start page","item":"https:\/\/bodegasavinya.com\/es\/"},{"@type":"ListItem","position":2,"name":"Galer\u00eda de productos","item":"https:\/\/bodegasavinya.com\/es\/produktgalerie\/"},{"@type":"ListItem","position":3,"name":"Can Bech Just for cheese &#8220;Higos negros&#8221;"}]},{"@type":"WebSite","@id":"https:\/\/bodegasavinya.com\/es\/#website","url":"https:\/\/bodegasavinya.com\/es\/","name":"Bodega Sa Vinya","description":"Vinos y Arte","publisher":{"@id":"https:\/\/bodegasavinya.com\/es\/#organization"},"potentialAction":[{"@type":"SearchAction","target":{"@type":"EntryPoint","urlTemplate":"https:\/\/bodegasavinya.com\/es\/?s={search_term_string}"},"query-input":{"@type":"PropertyValueSpecification","valueRequired":true,"valueName":"search_term_string"}}],"inLanguage":"es"},{"@type":"Organization","@id":"https:\/\/bodegasavinya.com\/es\/#organization","name":"Bodega Sa Vinya","url":"https:\/\/bodegasavinya.com\/es\/","logo":{"@type":"ImageObject","inLanguage":"es","@id":"https:\/\/bodegasavinya.com\/es\/#\/schema\/logo\/image\/","url":"https:\/\/bodegasavinya.com\/wp-content\/uploads\/2018\/10\/LOGO-bodega-Klein.png","contentUrl":"https:\/\/bodegasavinya.com\/wp-content\/uploads\/2018\/10\/LOGO-bodega-Klein.png","width":200,"height":161,"caption":"Bodega Sa Vinya"},"image":{"@id":"https:\/\/bodegasavinya.com\/es\/#\/schema\/logo\/image\/"}}]}},"_links":{"self":[{"href":"https:\/\/bodegasavinya.com\/es\/wp-json\/wp\/v2\/product\/7787","targetHints":{"allow":["GET"]}}],"collection":[{"href":"https:\/\/bodegasavinya.com\/es\/wp-json\/wp\/v2\/product"}],"about":[{"href":"https:\/\/bodegasavinya.com\/es\/wp-json\/wp\/v2\/types\/product"}],"wp:featuredmedia":[{"embeddable":true,"href":"https:\/\/bodegasavinya.com\/es\/wp-json\/wp\/v2\/media\/7791"}],"wp:attachment":[{"href":"https:\/\/bodegasavinya.com\/es\/wp-json\/wp\/v2\/media?parent=7787"}],"wp:term":[{"taxonomy":"product_brand","embeddable":true,"href":"https:\/\/bodegasavinya.com\/es\/wp-json\/wp\/v2\/product_brand?post=7787"},{"taxonomy":"product_cat","embeddable":true,"href":"https:\/\/bodegasavinya.com\/es\/wp-json\/wp\/v2\/product_cat?post=7787"},{"taxonomy":"product_tag","embeddable":true,"href":"https:\/\/bodegasavinya.com\/es\/wp-json\/wp\/v2\/product_tag?post=7787"}],"curies":[{"name":"wp","href":"https:\/\/api.w.org\/{rel}","templated":true}]}}