{"id":1269,"date":"2018-08-28T15:56:36","date_gmt":"2018-08-28T15:56:36","guid":{"rendered":"https:\/\/bodegasavinya.com\/produkt\/fever-tree\/"},"modified":"2019-03-27T15:42:01","modified_gmt":"2019-03-27T15:42:01","slug":"fever-tree","status":"publish","type":"product","link":"https:\/\/bodegasavinya.com\/es\/producto\/fever-tree\/","title":{"rendered":"Fever Tree Premium Indian Tonic Water"},"content":{"rendered":"","protected":false},"excerpt":{"rendered":"","protected":false},"featured_media":1164,"template":"","meta":[],"product_brand":[],"product_cat":[762],"product_tag":[1084,1082,1083],"class_list":{"0":"post-1269","1":"product","2":"type-product","3":"status-publish","4":"has-post-thumbnail","6":"product_cat-tonica","7":"product_tag-agua-tonica","8":"product_tag-fever-tree-es","9":"product_tag-tonica","11":"first","12":"instock","13":"taxable","14":"shipping-taxable","15":"purchasable","16":"product-type-simple"},"yoast_head":"<!-- This site is optimized with the Yoast SEO plugin v27.4 - https:\/\/yoast.com\/product\/yoast-seo-wordpress\/ -->\n<title>Fever Tree Premium Indian Tonic Water | Bodega Sa Vinya<\/title>\n<meta name=\"description\" content=\"Bodega Sa Vinya, Vino, Comercio de vinos, Sabor, Compro, Champ\u00e1n, Vino espumoso, Cava, Aceites, Vinagres, Prosecco, Vino blanco, Vino tinto, Vinos rosados, Gin, Whisky, Licores, Brandy, Vino helado, Deli, Cava Ros\u00e9, Grappa, Aceite de oliva, Tonico Vino dulce, Regalos, Cupones, Italia, Francia, Espa\u00f1a, Chile, California, Sud\u00e1frica, Australia, Austria, Mallorca,\" \/>\n<meta name=\"robots\" content=\"index, follow, max-snippet:-1, max-image-preview:large, max-video-preview:-1\" \/>\n<link rel=\"canonical\" href=\"https:\/\/bodegasavinya.com\/es\/producto\/fever-tree\/\" \/>\n<meta property=\"og:locale\" content=\"es_ES\" \/>\n<meta property=\"og:type\" content=\"article\" \/>\n<meta property=\"og:title\" content=\"Fever Tree Premium Indian Tonic Water | Bodega Sa Vinya\" \/>\n<meta property=\"og:description\" content=\"Bodega Sa Vinya, Vino, Comercio de vinos, Sabor, Compro, Champ\u00e1n, Vino espumoso, Cava, Aceites, Vinagres, Prosecco, Vino blanco, Vino tinto, Vinos rosados, Gin, Whisky, Licores, Brandy, Vino helado, Deli, Cava Ros\u00e9, Grappa, Aceite de oliva, Tonico Vino dulce, Regalos, Cupones, Italia, Francia, Espa\u00f1a, Chile, California, Sud\u00e1frica, Australia, Austria, Mallorca,\" \/>\n<meta property=\"og:url\" content=\"https:\/\/bodegasavinya.com\/es\/producto\/fever-tree\/\" \/>\n<meta property=\"og:site_name\" content=\"Bodega Sa Vinya\" \/>\n<meta property=\"article:modified_time\" content=\"2019-03-27T15:42:01+00:00\" \/>\n<meta property=\"og:image\" content=\"https:\/\/bodegasavinya.com\/wp-content\/uploads\/2018\/08\/Tonica-Fever-Tree-200-ml.png\" \/>\n\t<meta property=\"og:image:width\" content=\"500\" \/>\n\t<meta property=\"og:image:height\" content=\"500\" \/>\n\t<meta property=\"og:image:type\" content=\"image\/png\" \/>\n<meta name=\"twitter:card\" content=\"summary_large_image\" \/>\n<script type=\"application\/ld+json\" class=\"yoast-schema-graph\">{\"@context\":\"https:\\\/\\\/schema.org\",\"@graph\":[{\"@type\":\"WebPage\",\"@id\":\"https:\\\/\\\/bodegasavinya.com\\\/es\\\/producto\\\/fever-tree\\\/\",\"url\":\"https:\\\/\\\/bodegasavinya.com\\\/es\\\/producto\\\/fever-tree\\\/\",\"name\":\"Fever Tree Premium Indian Tonic Water | Bodega Sa Vinya\",\"isPartOf\":{\"@id\":\"https:\\\/\\\/bodegasavinya.com\\\/es\\\/#website\"},\"primaryImageOfPage\":{\"@id\":\"https:\\\/\\\/bodegasavinya.com\\\/es\\\/producto\\\/fever-tree\\\/#primaryimage\"},\"image\":{\"@id\":\"https:\\\/\\\/bodegasavinya.com\\\/es\\\/producto\\\/fever-tree\\\/#primaryimage\"},\"thumbnailUrl\":\"https:\\\/\\\/bodegasavinya.com\\\/wp-content\\\/uploads\\\/2018\\\/08\\\/Tonica-Fever-Tree-200-ml.png\",\"datePublished\":\"2018-08-28T15:56:36+00:00\",\"dateModified\":\"2019-03-27T15:42:01+00:00\",\"description\":\"Bodega Sa Vinya, Vino, Comercio de vinos, Sabor, Compro, Champ\u00e1n, Vino espumoso, Cava, Aceites, Vinagres, Prosecco, Vino blanco, Vino tinto, Vinos rosados, Gin, Whisky, Licores, Brandy, Vino helado, Deli, Cava Ros\u00e9, Grappa, Aceite de oliva, Tonico Vino dulce, Regalos, Cupones, Italia, Francia, Espa\u00f1a, Chile, California, Sud\u00e1frica, Australia, Austria, Mallorca,\",\"breadcrumb\":{\"@id\":\"https:\\\/\\\/bodegasavinya.com\\\/es\\\/producto\\\/fever-tree\\\/#breadcrumb\"},\"inLanguage\":\"es\",\"potentialAction\":[{\"@type\":\"ReadAction\",\"target\":[\"https:\\\/\\\/bodegasavinya.com\\\/es\\\/producto\\\/fever-tree\\\/\"]}]},{\"@type\":\"ImageObject\",\"inLanguage\":\"es\",\"@id\":\"https:\\\/\\\/bodegasavinya.com\\\/es\\\/producto\\\/fever-tree\\\/#primaryimage\",\"url\":\"https:\\\/\\\/bodegasavinya.com\\\/wp-content\\\/uploads\\\/2018\\\/08\\\/Tonica-Fever-Tree-200-ml.png\",\"contentUrl\":\"https:\\\/\\\/bodegasavinya.com\\\/wp-content\\\/uploads\\\/2018\\\/08\\\/Tonica-Fever-Tree-200-ml.png\",\"width\":500,\"height\":500},{\"@type\":\"BreadcrumbList\",\"@id\":\"https:\\\/\\\/bodegasavinya.com\\\/es\\\/producto\\\/fever-tree\\\/#breadcrumb\",\"itemListElement\":[{\"@type\":\"ListItem\",\"position\":1,\"name\":\"Start page\",\"item\":\"https:\\\/\\\/bodegasavinya.com\\\/es\\\/\"},{\"@type\":\"ListItem\",\"position\":2,\"name\":\"Galer\u00eda de productos\",\"item\":\"https:\\\/\\\/bodegasavinya.com\\\/es\\\/produktgalerie\\\/\"},{\"@type\":\"ListItem\",\"position\":3,\"name\":\"Fever Tree Premium Indian Tonic Water\"}]},{\"@type\":\"WebSite\",\"@id\":\"https:\\\/\\\/bodegasavinya.com\\\/es\\\/#website\",\"url\":\"https:\\\/\\\/bodegasavinya.com\\\/es\\\/\",\"name\":\"Bodega Sa Vinya\",\"description\":\"Vinos y Arte\",\"publisher\":{\"@id\":\"https:\\\/\\\/bodegasavinya.com\\\/es\\\/#organization\"},\"potentialAction\":[{\"@type\":\"SearchAction\",\"target\":{\"@type\":\"EntryPoint\",\"urlTemplate\":\"https:\\\/\\\/bodegasavinya.com\\\/es\\\/?s={search_term_string}\"},\"query-input\":{\"@type\":\"PropertyValueSpecification\",\"valueRequired\":true,\"valueName\":\"search_term_string\"}}],\"inLanguage\":\"es\"},{\"@type\":\"Organization\",\"@id\":\"https:\\\/\\\/bodegasavinya.com\\\/es\\\/#organization\",\"name\":\"Bodega Sa Vinya\",\"url\":\"https:\\\/\\\/bodegasavinya.com\\\/es\\\/\",\"logo\":{\"@type\":\"ImageObject\",\"inLanguage\":\"es\",\"@id\":\"https:\\\/\\\/bodegasavinya.com\\\/es\\\/#\\\/schema\\\/logo\\\/image\\\/\",\"url\":\"https:\\\/\\\/bodegasavinya.com\\\/wp-content\\\/uploads\\\/2018\\\/10\\\/LOGO-bodega-Klein.png\",\"contentUrl\":\"https:\\\/\\\/bodegasavinya.com\\\/wp-content\\\/uploads\\\/2018\\\/10\\\/LOGO-bodega-Klein.png\",\"width\":200,\"height\":161,\"caption\":\"Bodega Sa Vinya\"},\"image\":{\"@id\":\"https:\\\/\\\/bodegasavinya.com\\\/es\\\/#\\\/schema\\\/logo\\\/image\\\/\"}}]}<\/script>\n<!-- \/ Yoast SEO plugin. -->","yoast_head_json":{"title":"Fever Tree Premium Indian Tonic Water | Bodega Sa Vinya","description":"Bodega Sa Vinya, Vino, Comercio de vinos, Sabor, Compro, Champ\u00e1n, Vino espumoso, Cava, Aceites, Vinagres, Prosecco, Vino blanco, Vino tinto, Vinos rosados, Gin, Whisky, Licores, Brandy, Vino helado, Deli, Cava Ros\u00e9, Grappa, Aceite de oliva, Tonico Vino dulce, Regalos, Cupones, Italia, Francia, Espa\u00f1a, Chile, California, Sud\u00e1frica, Australia, Austria, Mallorca,","robots":{"index":"index","follow":"follow","max-snippet":"max-snippet:-1","max-image-preview":"max-image-preview:large","max-video-preview":"max-video-preview:-1"},"canonical":"https:\/\/bodegasavinya.com\/es\/producto\/fever-tree\/","og_locale":"es_ES","og_type":"article","og_title":"Fever Tree Premium Indian Tonic Water | Bodega Sa Vinya","og_description":"Bodega Sa Vinya, Vino, Comercio de vinos, Sabor, Compro, Champ\u00e1n, Vino espumoso, Cava, Aceites, Vinagres, Prosecco, Vino blanco, Vino tinto, Vinos rosados, Gin, Whisky, Licores, Brandy, Vino helado, Deli, Cava Ros\u00e9, Grappa, Aceite de oliva, Tonico Vino dulce, Regalos, Cupones, Italia, Francia, Espa\u00f1a, Chile, California, Sud\u00e1frica, Australia, Austria, Mallorca,","og_url":"https:\/\/bodegasavinya.com\/es\/producto\/fever-tree\/","og_site_name":"Bodega Sa Vinya","article_modified_time":"2019-03-27T15:42:01+00:00","og_image":[{"width":500,"height":500,"url":"https:\/\/bodegasavinya.com\/wp-content\/uploads\/2018\/08\/Tonica-Fever-Tree-200-ml.png","type":"image\/png"}],"twitter_card":"summary_large_image","schema":{"@context":"https:\/\/schema.org","@graph":[{"@type":"WebPage","@id":"https:\/\/bodegasavinya.com\/es\/producto\/fever-tree\/","url":"https:\/\/bodegasavinya.com\/es\/producto\/fever-tree\/","name":"Fever Tree Premium Indian Tonic Water | Bodega Sa Vinya","isPartOf":{"@id":"https:\/\/bodegasavinya.com\/es\/#website"},"primaryImageOfPage":{"@id":"https:\/\/bodegasavinya.com\/es\/producto\/fever-tree\/#primaryimage"},"image":{"@id":"https:\/\/bodegasavinya.com\/es\/producto\/fever-tree\/#primaryimage"},"thumbnailUrl":"https:\/\/bodegasavinya.com\/wp-content\/uploads\/2018\/08\/Tonica-Fever-Tree-200-ml.png","datePublished":"2018-08-28T15:56:36+00:00","dateModified":"2019-03-27T15:42:01+00:00","description":"Bodega Sa Vinya, Vino, Comercio de vinos, Sabor, Compro, Champ\u00e1n, Vino espumoso, Cava, Aceites, Vinagres, Prosecco, Vino blanco, Vino tinto, Vinos rosados, Gin, Whisky, Licores, Brandy, Vino helado, Deli, Cava Ros\u00e9, Grappa, Aceite de oliva, Tonico Vino dulce, Regalos, Cupones, Italia, Francia, Espa\u00f1a, Chile, California, Sud\u00e1frica, Australia, Austria, Mallorca,","breadcrumb":{"@id":"https:\/\/bodegasavinya.com\/es\/producto\/fever-tree\/#breadcrumb"},"inLanguage":"es","potentialAction":[{"@type":"ReadAction","target":["https:\/\/bodegasavinya.com\/es\/producto\/fever-tree\/"]}]},{"@type":"ImageObject","inLanguage":"es","@id":"https:\/\/bodegasavinya.com\/es\/producto\/fever-tree\/#primaryimage","url":"https:\/\/bodegasavinya.com\/wp-content\/uploads\/2018\/08\/Tonica-Fever-Tree-200-ml.png","contentUrl":"https:\/\/bodegasavinya.com\/wp-content\/uploads\/2018\/08\/Tonica-Fever-Tree-200-ml.png","width":500,"height":500},{"@type":"BreadcrumbList","@id":"https:\/\/bodegasavinya.com\/es\/producto\/fever-tree\/#breadcrumb","itemListElement":[{"@type":"ListItem","position":1,"name":"Start page","item":"https:\/\/bodegasavinya.com\/es\/"},{"@type":"ListItem","position":2,"name":"Galer\u00eda de productos","item":"https:\/\/bodegasavinya.com\/es\/produktgalerie\/"},{"@type":"ListItem","position":3,"name":"Fever Tree Premium Indian Tonic Water"}]},{"@type":"WebSite","@id":"https:\/\/bodegasavinya.com\/es\/#website","url":"https:\/\/bodegasavinya.com\/es\/","name":"Bodega Sa Vinya","description":"Vinos y Arte","publisher":{"@id":"https:\/\/bodegasavinya.com\/es\/#organization"},"potentialAction":[{"@type":"SearchAction","target":{"@type":"EntryPoint","urlTemplate":"https:\/\/bodegasavinya.com\/es\/?s={search_term_string}"},"query-input":{"@type":"PropertyValueSpecification","valueRequired":true,"valueName":"search_term_string"}}],"inLanguage":"es"},{"@type":"Organization","@id":"https:\/\/bodegasavinya.com\/es\/#organization","name":"Bodega Sa Vinya","url":"https:\/\/bodegasavinya.com\/es\/","logo":{"@type":"ImageObject","inLanguage":"es","@id":"https:\/\/bodegasavinya.com\/es\/#\/schema\/logo\/image\/","url":"https:\/\/bodegasavinya.com\/wp-content\/uploads\/2018\/10\/LOGO-bodega-Klein.png","contentUrl":"https:\/\/bodegasavinya.com\/wp-content\/uploads\/2018\/10\/LOGO-bodega-Klein.png","width":200,"height":161,"caption":"Bodega Sa Vinya"},"image":{"@id":"https:\/\/bodegasavinya.com\/es\/#\/schema\/logo\/image\/"}}]}},"_links":{"self":[{"href":"https:\/\/bodegasavinya.com\/es\/wp-json\/wp\/v2\/product\/1269","targetHints":{"allow":["GET"]}}],"collection":[{"href":"https:\/\/bodegasavinya.com\/es\/wp-json\/wp\/v2\/product"}],"about":[{"href":"https:\/\/bodegasavinya.com\/es\/wp-json\/wp\/v2\/types\/product"}],"wp:featuredmedia":[{"embeddable":true,"href":"https:\/\/bodegasavinya.com\/es\/wp-json\/wp\/v2\/media\/1164"}],"wp:attachment":[{"href":"https:\/\/bodegasavinya.com\/es\/wp-json\/wp\/v2\/media?parent=1269"}],"wp:term":[{"taxonomy":"product_brand","embeddable":true,"href":"https:\/\/bodegasavinya.com\/es\/wp-json\/wp\/v2\/product_brand?post=1269"},{"taxonomy":"product_cat","embeddable":true,"href":"https:\/\/bodegasavinya.com\/es\/wp-json\/wp\/v2\/product_cat?post=1269"},{"taxonomy":"product_tag","embeddable":true,"href":"https:\/\/bodegasavinya.com\/es\/wp-json\/wp\/v2\/product_tag?post=1269"}],"curies":[{"name":"wp","href":"https:\/\/api.w.org\/{rel}","templated":true}]}}