{"id":1229,"date":"2018-08-31T09:06:45","date_gmt":"2018-08-31T09:06:45","guid":{"rendered":"https:\/\/bodegasavinya.com\/produkt\/gruener-veltliner-2014\/"},"modified":"2019-03-27T15:41:07","modified_gmt":"2019-03-27T15:41:07","slug":"gruener-veltliner-2014","status":"publish","type":"product","link":"https:\/\/bodegasavinya.com\/es\/producto\/gruener-veltliner-2014\/","title":{"rendered":"WEINRIEDER Eiswein  Gr\u00fcner Veltliner 2014"},"content":{"rendered":"","protected":false},"excerpt":{"rendered":"","protected":false},"featured_media":1194,"template":"","meta":[],"product_brand":[],"product_cat":[238,967],"product_tag":[976,975,974,973],"class_list":{"0":"post-1229","1":"product","2":"type-product","3":"status-publish","4":"has-post-thumbnail","6":"product_cat-vino","7":"product_cat-vino-dulce-hecho-con-uvas-congeladas","8":"product_tag-austria-es","9":"product_tag-gruener-veltiner-es","10":"product_tag-veltiner-es","11":"product_tag-vino-dulce-hecho-con-uvas-congeladas","13":"first","14":"outofstock","15":"taxable","16":"shipping-taxable","17":"purchasable","18":"product-type-simple"},"yoast_head":"<!-- This site is optimized with the Yoast SEO plugin v27.4 - https:\/\/yoast.com\/product\/yoast-seo-wordpress\/ -->\n<title>WEINRIEDER Eiswein Gr\u00fcner Veltliner 2014 | Bodega Sa Vinya<\/title>\n<meta name=\"description\" content=\"Bodega Sa Vinya, Vino, Comercio de vinos, Sabor, Compro, Champ\u00e1n, Vino espumoso, Cava, Aceites, Vinagres, Prosecco, Vino blanco, Vino tinto, Vinos rosados, Gin, Whisky, Licores, Brandy, Vino helado, Deli, Cava Ros\u00e9, Grappa, Aceite de oliva, Tonico Vino dulce, Regalos, Cupones, Italia, Francia, Espa\u00f1a, Chile, California, Sud\u00e1frica, Australia, Austria, Mallorca,\" \/>\n<meta name=\"robots\" content=\"index, follow, max-snippet:-1, max-image-preview:large, max-video-preview:-1\" \/>\n<link rel=\"canonical\" href=\"https:\/\/bodegasavinya.com\/es\/producto\/gruener-veltliner-2014\/\" \/>\n<meta property=\"og:locale\" content=\"es_ES\" \/>\n<meta property=\"og:type\" content=\"article\" \/>\n<meta property=\"og:title\" content=\"WEINRIEDER Eiswein Gr\u00fcner Veltliner 2014 | Bodega Sa Vinya\" \/>\n<meta property=\"og:description\" content=\"Bodega Sa Vinya, Vino, Comercio de vinos, Sabor, Compro, Champ\u00e1n, Vino espumoso, Cava, Aceites, Vinagres, Prosecco, Vino blanco, Vino tinto, Vinos rosados, Gin, Whisky, Licores, Brandy, Vino helado, Deli, Cava Ros\u00e9, Grappa, Aceite de oliva, Tonico Vino dulce, Regalos, Cupones, Italia, Francia, Espa\u00f1a, Chile, California, Sud\u00e1frica, Australia, Austria, Mallorca,\" \/>\n<meta property=\"og:url\" content=\"https:\/\/bodegasavinya.com\/es\/producto\/gruener-veltliner-2014\/\" \/>\n<meta property=\"og:site_name\" content=\"Bodega Sa Vinya\" \/>\n<meta property=\"article:modified_time\" content=\"2019-03-27T15:41:07+00:00\" \/>\n<meta property=\"og:image\" content=\"https:\/\/bodegasavinya.com\/wp-content\/uploads\/2018\/08\/ebcd0fc30793d168c115189fa3ae71d4.png\" \/>\n\t<meta property=\"og:image:width\" content=\"500\" \/>\n\t<meta property=\"og:image:height\" content=\"500\" \/>\n\t<meta property=\"og:image:type\" content=\"image\/png\" \/>\n<meta name=\"twitter:card\" content=\"summary_large_image\" \/>\n<script type=\"application\/ld+json\" class=\"yoast-schema-graph\">{\"@context\":\"https:\\\/\\\/schema.org\",\"@graph\":[{\"@type\":\"WebPage\",\"@id\":\"https:\\\/\\\/bodegasavinya.com\\\/es\\\/producto\\\/gruener-veltliner-2014\\\/\",\"url\":\"https:\\\/\\\/bodegasavinya.com\\\/es\\\/producto\\\/gruener-veltliner-2014\\\/\",\"name\":\"WEINRIEDER Eiswein Gr\u00fcner Veltliner 2014 | Bodega Sa Vinya\",\"isPartOf\":{\"@id\":\"https:\\\/\\\/bodegasavinya.com\\\/es\\\/#website\"},\"primaryImageOfPage\":{\"@id\":\"https:\\\/\\\/bodegasavinya.com\\\/es\\\/producto\\\/gruener-veltliner-2014\\\/#primaryimage\"},\"image\":{\"@id\":\"https:\\\/\\\/bodegasavinya.com\\\/es\\\/producto\\\/gruener-veltliner-2014\\\/#primaryimage\"},\"thumbnailUrl\":\"https:\\\/\\\/bodegasavinya.com\\\/wp-content\\\/uploads\\\/2018\\\/08\\\/ebcd0fc30793d168c115189fa3ae71d4.png\",\"datePublished\":\"2018-08-31T09:06:45+00:00\",\"dateModified\":\"2019-03-27T15:41:07+00:00\",\"description\":\"Bodega Sa Vinya, Vino, Comercio de vinos, Sabor, Compro, Champ\u00e1n, Vino espumoso, Cava, Aceites, Vinagres, Prosecco, Vino blanco, Vino tinto, Vinos rosados, Gin, Whisky, Licores, Brandy, Vino helado, Deli, Cava Ros\u00e9, Grappa, Aceite de oliva, Tonico Vino dulce, Regalos, Cupones, Italia, Francia, Espa\u00f1a, Chile, California, Sud\u00e1frica, Australia, Austria, Mallorca,\",\"breadcrumb\":{\"@id\":\"https:\\\/\\\/bodegasavinya.com\\\/es\\\/producto\\\/gruener-veltliner-2014\\\/#breadcrumb\"},\"inLanguage\":\"es\",\"potentialAction\":[{\"@type\":\"ReadAction\",\"target\":[\"https:\\\/\\\/bodegasavinya.com\\\/es\\\/producto\\\/gruener-veltliner-2014\\\/\"]}]},{\"@type\":\"ImageObject\",\"inLanguage\":\"es\",\"@id\":\"https:\\\/\\\/bodegasavinya.com\\\/es\\\/producto\\\/gruener-veltliner-2014\\\/#primaryimage\",\"url\":\"https:\\\/\\\/bodegasavinya.com\\\/wp-content\\\/uploads\\\/2018\\\/08\\\/ebcd0fc30793d168c115189fa3ae71d4.png\",\"contentUrl\":\"https:\\\/\\\/bodegasavinya.com\\\/wp-content\\\/uploads\\\/2018\\\/08\\\/ebcd0fc30793d168c115189fa3ae71d4.png\",\"width\":500,\"height\":500},{\"@type\":\"BreadcrumbList\",\"@id\":\"https:\\\/\\\/bodegasavinya.com\\\/es\\\/producto\\\/gruener-veltliner-2014\\\/#breadcrumb\",\"itemListElement\":[{\"@type\":\"ListItem\",\"position\":1,\"name\":\"Start page\",\"item\":\"https:\\\/\\\/bodegasavinya.com\\\/es\\\/\"},{\"@type\":\"ListItem\",\"position\":2,\"name\":\"Galer\u00eda de productos\",\"item\":\"https:\\\/\\\/bodegasavinya.com\\\/es\\\/produktgalerie\\\/\"},{\"@type\":\"ListItem\",\"position\":3,\"name\":\"WEINRIEDER Eiswein Gr\u00fcner Veltliner 2014\"}]},{\"@type\":\"WebSite\",\"@id\":\"https:\\\/\\\/bodegasavinya.com\\\/es\\\/#website\",\"url\":\"https:\\\/\\\/bodegasavinya.com\\\/es\\\/\",\"name\":\"Bodega Sa Vinya\",\"description\":\"Vinos y Arte\",\"publisher\":{\"@id\":\"https:\\\/\\\/bodegasavinya.com\\\/es\\\/#organization\"},\"potentialAction\":[{\"@type\":\"SearchAction\",\"target\":{\"@type\":\"EntryPoint\",\"urlTemplate\":\"https:\\\/\\\/bodegasavinya.com\\\/es\\\/?s={search_term_string}\"},\"query-input\":{\"@type\":\"PropertyValueSpecification\",\"valueRequired\":true,\"valueName\":\"search_term_string\"}}],\"inLanguage\":\"es\"},{\"@type\":\"Organization\",\"@id\":\"https:\\\/\\\/bodegasavinya.com\\\/es\\\/#organization\",\"name\":\"Bodega Sa Vinya\",\"url\":\"https:\\\/\\\/bodegasavinya.com\\\/es\\\/\",\"logo\":{\"@type\":\"ImageObject\",\"inLanguage\":\"es\",\"@id\":\"https:\\\/\\\/bodegasavinya.com\\\/es\\\/#\\\/schema\\\/logo\\\/image\\\/\",\"url\":\"https:\\\/\\\/bodegasavinya.com\\\/wp-content\\\/uploads\\\/2018\\\/10\\\/LOGO-bodega-Klein.png\",\"contentUrl\":\"https:\\\/\\\/bodegasavinya.com\\\/wp-content\\\/uploads\\\/2018\\\/10\\\/LOGO-bodega-Klein.png\",\"width\":200,\"height\":161,\"caption\":\"Bodega Sa Vinya\"},\"image\":{\"@id\":\"https:\\\/\\\/bodegasavinya.com\\\/es\\\/#\\\/schema\\\/logo\\\/image\\\/\"}}]}<\/script>\n<!-- \/ Yoast SEO plugin. -->","yoast_head_json":{"title":"WEINRIEDER Eiswein Gr\u00fcner Veltliner 2014 | Bodega Sa Vinya","description":"Bodega Sa Vinya, Vino, Comercio de vinos, Sabor, Compro, Champ\u00e1n, Vino espumoso, Cava, Aceites, Vinagres, Prosecco, Vino blanco, Vino tinto, Vinos rosados, Gin, Whisky, Licores, Brandy, Vino helado, Deli, Cava Ros\u00e9, Grappa, Aceite de oliva, Tonico Vino dulce, Regalos, Cupones, Italia, Francia, Espa\u00f1a, Chile, California, Sud\u00e1frica, Australia, Austria, Mallorca,","robots":{"index":"index","follow":"follow","max-snippet":"max-snippet:-1","max-image-preview":"max-image-preview:large","max-video-preview":"max-video-preview:-1"},"canonical":"https:\/\/bodegasavinya.com\/es\/producto\/gruener-veltliner-2014\/","og_locale":"es_ES","og_type":"article","og_title":"WEINRIEDER Eiswein Gr\u00fcner Veltliner 2014 | Bodega Sa Vinya","og_description":"Bodega Sa Vinya, Vino, Comercio de vinos, Sabor, Compro, Champ\u00e1n, Vino espumoso, Cava, Aceites, Vinagres, Prosecco, Vino blanco, Vino tinto, Vinos rosados, Gin, Whisky, Licores, Brandy, Vino helado, Deli, Cava Ros\u00e9, Grappa, Aceite de oliva, Tonico Vino dulce, Regalos, Cupones, Italia, Francia, Espa\u00f1a, Chile, California, Sud\u00e1frica, Australia, Austria, Mallorca,","og_url":"https:\/\/bodegasavinya.com\/es\/producto\/gruener-veltliner-2014\/","og_site_name":"Bodega Sa Vinya","article_modified_time":"2019-03-27T15:41:07+00:00","og_image":[{"width":500,"height":500,"url":"https:\/\/bodegasavinya.com\/wp-content\/uploads\/2018\/08\/ebcd0fc30793d168c115189fa3ae71d4.png","type":"image\/png"}],"twitter_card":"summary_large_image","schema":{"@context":"https:\/\/schema.org","@graph":[{"@type":"WebPage","@id":"https:\/\/bodegasavinya.com\/es\/producto\/gruener-veltliner-2014\/","url":"https:\/\/bodegasavinya.com\/es\/producto\/gruener-veltliner-2014\/","name":"WEINRIEDER Eiswein Gr\u00fcner Veltliner 2014 | Bodega Sa Vinya","isPartOf":{"@id":"https:\/\/bodegasavinya.com\/es\/#website"},"primaryImageOfPage":{"@id":"https:\/\/bodegasavinya.com\/es\/producto\/gruener-veltliner-2014\/#primaryimage"},"image":{"@id":"https:\/\/bodegasavinya.com\/es\/producto\/gruener-veltliner-2014\/#primaryimage"},"thumbnailUrl":"https:\/\/bodegasavinya.com\/wp-content\/uploads\/2018\/08\/ebcd0fc30793d168c115189fa3ae71d4.png","datePublished":"2018-08-31T09:06:45+00:00","dateModified":"2019-03-27T15:41:07+00:00","description":"Bodega Sa Vinya, Vino, Comercio de vinos, Sabor, Compro, Champ\u00e1n, Vino espumoso, Cava, Aceites, Vinagres, Prosecco, Vino blanco, Vino tinto, Vinos rosados, Gin, Whisky, Licores, Brandy, Vino helado, Deli, Cava Ros\u00e9, Grappa, Aceite de oliva, Tonico Vino dulce, Regalos, Cupones, Italia, Francia, Espa\u00f1a, Chile, California, Sud\u00e1frica, Australia, Austria, Mallorca,","breadcrumb":{"@id":"https:\/\/bodegasavinya.com\/es\/producto\/gruener-veltliner-2014\/#breadcrumb"},"inLanguage":"es","potentialAction":[{"@type":"ReadAction","target":["https:\/\/bodegasavinya.com\/es\/producto\/gruener-veltliner-2014\/"]}]},{"@type":"ImageObject","inLanguage":"es","@id":"https:\/\/bodegasavinya.com\/es\/producto\/gruener-veltliner-2014\/#primaryimage","url":"https:\/\/bodegasavinya.com\/wp-content\/uploads\/2018\/08\/ebcd0fc30793d168c115189fa3ae71d4.png","contentUrl":"https:\/\/bodegasavinya.com\/wp-content\/uploads\/2018\/08\/ebcd0fc30793d168c115189fa3ae71d4.png","width":500,"height":500},{"@type":"BreadcrumbList","@id":"https:\/\/bodegasavinya.com\/es\/producto\/gruener-veltliner-2014\/#breadcrumb","itemListElement":[{"@type":"ListItem","position":1,"name":"Start page","item":"https:\/\/bodegasavinya.com\/es\/"},{"@type":"ListItem","position":2,"name":"Galer\u00eda de productos","item":"https:\/\/bodegasavinya.com\/es\/produktgalerie\/"},{"@type":"ListItem","position":3,"name":"WEINRIEDER Eiswein Gr\u00fcner Veltliner 2014"}]},{"@type":"WebSite","@id":"https:\/\/bodegasavinya.com\/es\/#website","url":"https:\/\/bodegasavinya.com\/es\/","name":"Bodega Sa Vinya","description":"Vinos y Arte","publisher":{"@id":"https:\/\/bodegasavinya.com\/es\/#organization"},"potentialAction":[{"@type":"SearchAction","target":{"@type":"EntryPoint","urlTemplate":"https:\/\/bodegasavinya.com\/es\/?s={search_term_string}"},"query-input":{"@type":"PropertyValueSpecification","valueRequired":true,"valueName":"search_term_string"}}],"inLanguage":"es"},{"@type":"Organization","@id":"https:\/\/bodegasavinya.com\/es\/#organization","name":"Bodega Sa Vinya","url":"https:\/\/bodegasavinya.com\/es\/","logo":{"@type":"ImageObject","inLanguage":"es","@id":"https:\/\/bodegasavinya.com\/es\/#\/schema\/logo\/image\/","url":"https:\/\/bodegasavinya.com\/wp-content\/uploads\/2018\/10\/LOGO-bodega-Klein.png","contentUrl":"https:\/\/bodegasavinya.com\/wp-content\/uploads\/2018\/10\/LOGO-bodega-Klein.png","width":200,"height":161,"caption":"Bodega Sa Vinya"},"image":{"@id":"https:\/\/bodegasavinya.com\/es\/#\/schema\/logo\/image\/"}}]}},"_links":{"self":[{"href":"https:\/\/bodegasavinya.com\/es\/wp-json\/wp\/v2\/product\/1229","targetHints":{"allow":["GET"]}}],"collection":[{"href":"https:\/\/bodegasavinya.com\/es\/wp-json\/wp\/v2\/product"}],"about":[{"href":"https:\/\/bodegasavinya.com\/es\/wp-json\/wp\/v2\/types\/product"}],"wp:featuredmedia":[{"embeddable":true,"href":"https:\/\/bodegasavinya.com\/es\/wp-json\/wp\/v2\/media\/1194"}],"wp:attachment":[{"href":"https:\/\/bodegasavinya.com\/es\/wp-json\/wp\/v2\/media?parent=1229"}],"wp:term":[{"taxonomy":"product_brand","embeddable":true,"href":"https:\/\/bodegasavinya.com\/es\/wp-json\/wp\/v2\/product_brand?post=1229"},{"taxonomy":"product_cat","embeddable":true,"href":"https:\/\/bodegasavinya.com\/es\/wp-json\/wp\/v2\/product_cat?post=1229"},{"taxonomy":"product_tag","embeddable":true,"href":"https:\/\/bodegasavinya.com\/es\/wp-json\/wp\/v2\/product_tag?post=1229"}],"curies":[{"name":"wp","href":"https:\/\/api.w.org\/{rel}","templated":true}]}}