{"id":655,"date":"2017-07-06T08:50:11","date_gmt":"2017-07-06T08:50:11","guid":{"rendered":"https:\/\/bodegasavinya.com\/ueber-uns\/"},"modified":"2025-07-09T11:08:39","modified_gmt":"2025-07-09T11:08:39","slug":"ueber-uns","status":"publish","type":"page","link":"https:\/\/bodegasavinya.com\/es\/ueber-uns\/","title":{"rendered":"Sobre nosotros"},"content":{"rendered":"<div class=\"wpb-content-wrapper\"><p>[vc_row][vc_column][vc_custom_heading text=\u201dSobre nosotros\u201d font_container=\u201dtag:h3|text_align:left|color:%23b62942\u2033 use_theme_fonts=\u201dyes\u201d][vc_column_text]<strong>Bodega Sa Vinya<\/strong> es un negocio especializada en vinos y deliciatessen en el sureste de Mallorca, en Llucmajor.<\/p>\n<p><strong>El ambiente <\/strong><\/p>\n<p>es m\u00f3rbido, encantador, como una bodega.<\/p>\n<p><strong>Sostenibilidad<\/strong><\/p>\n<p>Todo comenz\u00f3 cuando el vino mallorqu\u00edn era apenas conocido, cuando las bodegas despertaron de su existencia discreta.\u00a0Desde hace mucho tiempo, despu\u00e9s de invertir en tecnolog\u00eda & a\u00f1os de duro trabajo el vino mallorqu\u00edn ha recibido un gran reconocimiento mundial.<\/p>\n<p><strong>Confianza<\/strong><\/p>\n<p>No solo vemos nuestra estrecha conexi\u00f3n con las bodegas como un privilegio, tambi\u00e9n son la base incondicional para nuestro trabajo diario.<\/p>\n<p>El producto, cuyo origen podemos seguir desde la vid hasta el estante del vino es muy importante para nosotros.<\/p>\n<p><strong>Fascinaci\u00f3n & pasi\u00f3n<\/strong><\/p>\n<p>Valoramos mucho las bodegas de renombre, pero tambi\u00e9n apreciamos grandes vinos a precios bajos, estamos interesados en proyectos especiales de vino \u2026<\/p>\n<p><strong>Servicio<\/strong><\/p>\n<p>Debido a la gran demanda pero la disponibilidad limitada de algunos vinos le ofrecemos la posibilidad de reservar sus vinos antes de su pr\u00f3xima visita a Mallorca.<\/p>\n<p>\u00a0[\/vc_column_text][vc_empty_space][\/vc_column][\/vc_row][vc_row][vc_column][vc_media_grid element_width=\u201d3\u2033 css=\u201d\u201d grid_id=\u201dvc_gid:1744104424209-c2aec98a-4cc3-1\u2033 include=\u201d7583,7579,7575,7566,7562,7558,7554,7550,7546,7542,7538,7534,7530,7526,7522,7518,7514,7510,7506\u2033][vc_empty_space][\/vc_column][\/vc_row]<\/p>\n<\/div>","protected":false},"excerpt":{"rendered":"<p>[vc_row][vc_column][vc_custom_heading text=\u201dSobre nosotros\u201d font_container=\u201dtag:h3|text_align:left|color:%23b62942\u2033 use_theme_fonts=\u201dyes\u201d][vc_column_text]Bodega Sa Vinya es un negocio especializada en vinos y deliciatessen en el sureste de Mallorca, en Llucmajor. El ambiente es m\u00f3rbido, encantador, como una bodega. Sostenibilidad Todo comenz\u00f3 cuando el vino mallorqu\u00edn era apenas conocido, cuando las bodegas despertaron de su existencia discreta.\u00a0Desde hace mucho tiempo, despu\u00e9s de invertir en [&hellip;]<\/p>\n","protected":false},"author":1,"featured_media":0,"parent":0,"menu_order":0,"comment_status":"closed","ping_status":"closed","template":"","meta":{"footnotes":""},"class_list":["post-655","page","type-page","status-publish","hentry"],"yoast_head":"<!-- This site is optimized with the Yoast SEO plugin v27.4 - https:\/\/yoast.com\/product\/yoast-seo-wordpress\/ -->\n<title>Sobre nosotros | Bodega Sa Vinya<\/title>\n<meta name=\"description\" content=\"Conoce al equipo de Bodega Sa Vinya, tu tienda de vinos y productos delicatessen de confianza en Llucmajor, Mallorca.\" \/>\n<meta name=\"robots\" content=\"index, follow, max-snippet:-1, max-image-preview:large, max-video-preview:-1\" \/>\n<link rel=\"canonical\" href=\"https:\/\/bodegasavinya.com\/es\/ueber-uns\/\" \/>\n<meta property=\"og:locale\" content=\"es_ES\" \/>\n<meta property=\"og:type\" content=\"article\" \/>\n<meta property=\"og:title\" content=\"Sobre nosotros | Bodega Sa Vinya\" \/>\n<meta property=\"og:description\" content=\"Conoce al equipo de Bodega Sa Vinya, tu tienda de vinos y productos delicatessen de confianza en Llucmajor, Mallorca.\" \/>\n<meta property=\"og:url\" content=\"https:\/\/bodegasavinya.com\/es\/ueber-uns\/\" \/>\n<meta property=\"og:site_name\" content=\"Bodega Sa Vinya\" \/>\n<meta property=\"article:modified_time\" content=\"2025-07-09T11:08:39+00:00\" \/>\n<meta property=\"og:image\" content=\"https:\/\/bodegasavinya.com\/wp-content\/uploads\/2018\/10\/LOGO-bodega-Klein.png\" \/>\n\t<meta property=\"og:image:width\" content=\"200\" \/>\n\t<meta property=\"og:image:height\" content=\"161\" \/>\n\t<meta property=\"og:image:type\" content=\"image\/png\" \/>\n<meta name=\"twitter:card\" content=\"summary_large_image\" \/>\n<meta name=\"twitter:label1\" content=\"Tiempo de lectura\" \/>\n\t<meta name=\"twitter:data1\" content=\"1 minuto\" \/>\n<script type=\"application\/ld+json\" class=\"yoast-schema-graph\">{\"@context\":\"https:\\\/\\\/schema.org\",\"@graph\":[{\"@type\":\"WebPage\",\"@id\":\"https:\\\/\\\/bodegasavinya.com\\\/es\\\/ueber-uns\\\/\",\"url\":\"https:\\\/\\\/bodegasavinya.com\\\/es\\\/ueber-uns\\\/\",\"name\":\"Sobre nosotros | Bodega Sa Vinya\",\"isPartOf\":{\"@id\":\"https:\\\/\\\/bodegasavinya.com\\\/es\\\/#website\"},\"datePublished\":\"2017-07-06T08:50:11+00:00\",\"dateModified\":\"2025-07-09T11:08:39+00:00\",\"description\":\"Conoce al equipo de Bodega Sa Vinya, tu tienda de vinos y productos delicatessen de confianza en Llucmajor, Mallorca.\",\"breadcrumb\":{\"@id\":\"https:\\\/\\\/bodegasavinya.com\\\/es\\\/ueber-uns\\\/#breadcrumb\"},\"inLanguage\":\"es\",\"potentialAction\":[{\"@type\":\"ReadAction\",\"target\":[\"https:\\\/\\\/bodegasavinya.com\\\/es\\\/ueber-uns\\\/\"]}]},{\"@type\":\"BreadcrumbList\",\"@id\":\"https:\\\/\\\/bodegasavinya.com\\\/es\\\/ueber-uns\\\/#breadcrumb\",\"itemListElement\":[{\"@type\":\"ListItem\",\"position\":1,\"name\":\"Start page\",\"item\":\"https:\\\/\\\/bodegasavinya.com\\\/es\\\/\"},{\"@type\":\"ListItem\",\"position\":2,\"name\":\"Sobre nosotros\"}]},{\"@type\":\"WebSite\",\"@id\":\"https:\\\/\\\/bodegasavinya.com\\\/es\\\/#website\",\"url\":\"https:\\\/\\\/bodegasavinya.com\\\/es\\\/\",\"name\":\"Bodega Sa Vinya\",\"description\":\"Vinos y Arte\",\"publisher\":{\"@id\":\"https:\\\/\\\/bodegasavinya.com\\\/es\\\/#organization\"},\"potentialAction\":[{\"@type\":\"SearchAction\",\"target\":{\"@type\":\"EntryPoint\",\"urlTemplate\":\"https:\\\/\\\/bodegasavinya.com\\\/es\\\/?s={search_term_string}\"},\"query-input\":{\"@type\":\"PropertyValueSpecification\",\"valueRequired\":true,\"valueName\":\"search_term_string\"}}],\"inLanguage\":\"es\"},{\"@type\":\"Organization\",\"@id\":\"https:\\\/\\\/bodegasavinya.com\\\/es\\\/#organization\",\"name\":\"Bodega Sa Vinya\",\"url\":\"https:\\\/\\\/bodegasavinya.com\\\/es\\\/\",\"logo\":{\"@type\":\"ImageObject\",\"inLanguage\":\"es\",\"@id\":\"https:\\\/\\\/bodegasavinya.com\\\/es\\\/#\\\/schema\\\/logo\\\/image\\\/\",\"url\":\"https:\\\/\\\/bodegasavinya.com\\\/wp-content\\\/uploads\\\/2018\\\/10\\\/LOGO-bodega-Klein.png\",\"contentUrl\":\"https:\\\/\\\/bodegasavinya.com\\\/wp-content\\\/uploads\\\/2018\\\/10\\\/LOGO-bodega-Klein.png\",\"width\":200,\"height\":161,\"caption\":\"Bodega Sa Vinya\"},\"image\":{\"@id\":\"https:\\\/\\\/bodegasavinya.com\\\/es\\\/#\\\/schema\\\/logo\\\/image\\\/\"}}]}<\/script>\n<!-- \/ Yoast SEO plugin. -->","yoast_head_json":{"title":"Sobre nosotros | Bodega Sa Vinya","description":"Conoce al equipo de Bodega Sa Vinya, tu tienda de vinos y productos delicatessen de confianza en Llucmajor, Mallorca.","robots":{"index":"index","follow":"follow","max-snippet":"max-snippet:-1","max-image-preview":"max-image-preview:large","max-video-preview":"max-video-preview:-1"},"canonical":"https:\/\/bodegasavinya.com\/es\/ueber-uns\/","og_locale":"es_ES","og_type":"article","og_title":"Sobre nosotros | Bodega Sa Vinya","og_description":"Conoce al equipo de Bodega Sa Vinya, tu tienda de vinos y productos delicatessen de confianza en Llucmajor, Mallorca.","og_url":"https:\/\/bodegasavinya.com\/es\/ueber-uns\/","og_site_name":"Bodega Sa Vinya","article_modified_time":"2025-07-09T11:08:39+00:00","og_image":[{"width":200,"height":161,"url":"https:\/\/bodegasavinya.com\/wp-content\/uploads\/2018\/10\/LOGO-bodega-Klein.png","type":"image\/png"}],"twitter_card":"summary_large_image","twitter_misc":{"Tiempo de lectura":"1 minuto"},"schema":{"@context":"https:\/\/schema.org","@graph":[{"@type":"WebPage","@id":"https:\/\/bodegasavinya.com\/es\/ueber-uns\/","url":"https:\/\/bodegasavinya.com\/es\/ueber-uns\/","name":"Sobre nosotros | Bodega Sa Vinya","isPartOf":{"@id":"https:\/\/bodegasavinya.com\/es\/#website"},"datePublished":"2017-07-06T08:50:11+00:00","dateModified":"2025-07-09T11:08:39+00:00","description":"Conoce al equipo de Bodega Sa Vinya, tu tienda de vinos y productos delicatessen de confianza en Llucmajor, Mallorca.","breadcrumb":{"@id":"https:\/\/bodegasavinya.com\/es\/ueber-uns\/#breadcrumb"},"inLanguage":"es","potentialAction":[{"@type":"ReadAction","target":["https:\/\/bodegasavinya.com\/es\/ueber-uns\/"]}]},{"@type":"BreadcrumbList","@id":"https:\/\/bodegasavinya.com\/es\/ueber-uns\/#breadcrumb","itemListElement":[{"@type":"ListItem","position":1,"name":"Start page","item":"https:\/\/bodegasavinya.com\/es\/"},{"@type":"ListItem","position":2,"name":"Sobre nosotros"}]},{"@type":"WebSite","@id":"https:\/\/bodegasavinya.com\/es\/#website","url":"https:\/\/bodegasavinya.com\/es\/","name":"Bodega Sa Vinya","description":"Vinos y Arte","publisher":{"@id":"https:\/\/bodegasavinya.com\/es\/#organization"},"potentialAction":[{"@type":"SearchAction","target":{"@type":"EntryPoint","urlTemplate":"https:\/\/bodegasavinya.com\/es\/?s={search_term_string}"},"query-input":{"@type":"PropertyValueSpecification","valueRequired":true,"valueName":"search_term_string"}}],"inLanguage":"es"},{"@type":"Organization","@id":"https:\/\/bodegasavinya.com\/es\/#organization","name":"Bodega Sa Vinya","url":"https:\/\/bodegasavinya.com\/es\/","logo":{"@type":"ImageObject","inLanguage":"es","@id":"https:\/\/bodegasavinya.com\/es\/#\/schema\/logo\/image\/","url":"https:\/\/bodegasavinya.com\/wp-content\/uploads\/2018\/10\/LOGO-bodega-Klein.png","contentUrl":"https:\/\/bodegasavinya.com\/wp-content\/uploads\/2018\/10\/LOGO-bodega-Klein.png","width":200,"height":161,"caption":"Bodega Sa Vinya"},"image":{"@id":"https:\/\/bodegasavinya.com\/es\/#\/schema\/logo\/image\/"}}]}},"_links":{"self":[{"href":"https:\/\/bodegasavinya.com\/es\/wp-json\/wp\/v2\/pages\/655","targetHints":{"allow":["GET"]}}],"collection":[{"href":"https:\/\/bodegasavinya.com\/es\/wp-json\/wp\/v2\/pages"}],"about":[{"href":"https:\/\/bodegasavinya.com\/es\/wp-json\/wp\/v2\/types\/page"}],"author":[{"embeddable":true,"href":"https:\/\/bodegasavinya.com\/es\/wp-json\/wp\/v2\/users\/1"}],"replies":[{"embeddable":true,"href":"https:\/\/bodegasavinya.com\/es\/wp-json\/wp\/v2\/comments?post=655"}],"version-history":[{"count":8,"href":"https:\/\/bodegasavinya.com\/es\/wp-json\/wp\/v2\/pages\/655\/revisions"}],"predecessor-version":[{"id":8089,"href":"https:\/\/bodegasavinya.com\/es\/wp-json\/wp\/v2\/pages\/655\/revisions\/8089"}],"wp:attachment":[{"href":"https:\/\/bodegasavinya.com\/es\/wp-json\/wp\/v2\/media?parent=655"}],"curies":[{"name":"wp","href":"https:\/\/api.w.org\/{rel}","templated":true}]}}