{"id":709,"date":"2018-08-01T16:00:26","date_gmt":"2018-08-01T16:00:26","guid":{"rendered":"https:\/\/bodegasavinya.com\/produkt\/angeles-de-amaren\/"},"modified":"2021-12-03T17:37:09","modified_gmt":"2021-12-03T17:37:09","slug":"angeles-de-amaren","status":"publish","type":"product","link":"https:\/\/bodegasavinya.com\/en\/product\/angeles-de-amaren\/","title":{"rendered":"\u00c1ngeles de Amaren 2017"},"content":{"rendered":"","protected":false},"excerpt":{"rendered":"","protected":false},"featured_media":4912,"template":"","meta":[],"product_brand":[],"product_cat":[245,236],"product_tag":[],"class_list":{"0":"post-709","1":"product","2":"type-product","3":"status-publish","4":"has-post-thumbnail","6":"product_cat-red-wine","7":"product_cat-wine","9":"first","10":"outofstock","11":"taxable","12":"shipping-taxable","13":"purchasable","14":"product-type-simple"},"yoast_head":"<!-- This site is optimized with the Yoast SEO plugin v27.4 - https:\/\/yoast.com\/product\/yoast-seo-wordpress\/ -->\n<title>\u00c1ngeles de Amaren 2017 | Bodega Sa Vinya<\/title>\n<meta name=\"description\" content=\"Bodega Sa Vinya, Vino, Comercio de vinos, Sabor, Compro, Champ\u00e1n, Vino espumoso, Cava, Aceites, Vinagres, Prosecco, Vino blanco, Vino tinto, Vinos rosados, Gin, Whisky, Licores, Brandy, Vino helado, Deli, Cava Ros\u00e9, Grappa, Aceite de oliva, Tonico Vino dulce, Regalos, Cupones, Italia, Francia, Espa\u00f1a, Chile, California, Sud\u00e1frica, Australia, Austria, Mallorca,\" \/>\n<meta name=\"robots\" content=\"index, follow, max-snippet:-1, max-image-preview:large, max-video-preview:-1\" \/>\n<link rel=\"canonical\" href=\"https:\/\/bodegasavinya.com\/en\/product\/angeles-de-amaren\/\" \/>\n<meta property=\"og:locale\" content=\"en_US\" \/>\n<meta property=\"og:type\" content=\"article\" \/>\n<meta property=\"og:title\" content=\"\u00c1ngeles de Amaren 2017 | Bodega Sa Vinya\" \/>\n<meta property=\"og:description\" content=\"Bodega Sa Vinya, Vino, Comercio de vinos, Sabor, Compro, Champ\u00e1n, Vino espumoso, Cava, Aceites, Vinagres, Prosecco, Vino blanco, Vino tinto, Vinos rosados, Gin, Whisky, Licores, Brandy, Vino helado, Deli, Cava Ros\u00e9, Grappa, Aceite de oliva, Tonico Vino dulce, Regalos, Cupones, Italia, Francia, Espa\u00f1a, Chile, California, Sud\u00e1frica, Australia, Austria, Mallorca,\" \/>\n<meta property=\"og:url\" content=\"https:\/\/bodegasavinya.com\/en\/product\/angeles-de-amaren\/\" \/>\n<meta property=\"og:site_name\" content=\"Bodega Sa Vinya\" \/>\n<meta property=\"article:modified_time\" content=\"2021-12-03T17:37:09+00:00\" \/>\n<meta property=\"og:image\" content=\"https:\/\/bodegasavinya.com\/wp-content\/uploads\/2018\/08\/Angeles-de-Amaren-1.png\" \/>\n\t<meta property=\"og:image:width\" content=\"500\" \/>\n\t<meta property=\"og:image:height\" content=\"500\" \/>\n\t<meta property=\"og:image:type\" content=\"image\/png\" \/>\n<meta name=\"twitter:card\" content=\"summary_large_image\" \/>\n<script type=\"application\/ld+json\" class=\"yoast-schema-graph\">{\"@context\":\"https:\\\/\\\/schema.org\",\"@graph\":[{\"@type\":\"WebPage\",\"@id\":\"https:\\\/\\\/bodegasavinya.com\\\/en\\\/product\\\/angeles-de-amaren\\\/\",\"url\":\"https:\\\/\\\/bodegasavinya.com\\\/en\\\/product\\\/angeles-de-amaren\\\/\",\"name\":\"\u00c1ngeles de Amaren 2017 | Bodega Sa Vinya\",\"isPartOf\":{\"@id\":\"https:\\\/\\\/bodegasavinya.com\\\/en\\\/#website\"},\"primaryImageOfPage\":{\"@id\":\"https:\\\/\\\/bodegasavinya.com\\\/en\\\/product\\\/angeles-de-amaren\\\/#primaryimage\"},\"image\":{\"@id\":\"https:\\\/\\\/bodegasavinya.com\\\/en\\\/product\\\/angeles-de-amaren\\\/#primaryimage\"},\"thumbnailUrl\":\"https:\\\/\\\/bodegasavinya.com\\\/wp-content\\\/uploads\\\/2018\\\/08\\\/Angeles-de-Amaren-1.png\",\"datePublished\":\"2018-08-01T16:00:26+00:00\",\"dateModified\":\"2021-12-03T17:37:09+00:00\",\"description\":\"Bodega Sa Vinya, Vino, Comercio de vinos, Sabor, Compro, Champ\u00e1n, Vino espumoso, Cava, Aceites, Vinagres, Prosecco, Vino blanco, Vino tinto, Vinos rosados, Gin, Whisky, Licores, Brandy, Vino helado, Deli, Cava Ros\u00e9, Grappa, Aceite de oliva, Tonico Vino dulce, Regalos, Cupones, Italia, Francia, Espa\u00f1a, Chile, California, Sud\u00e1frica, Australia, Austria, Mallorca,\",\"breadcrumb\":{\"@id\":\"https:\\\/\\\/bodegasavinya.com\\\/en\\\/product\\\/angeles-de-amaren\\\/#breadcrumb\"},\"inLanguage\":\"en-US\",\"potentialAction\":[{\"@type\":\"ReadAction\",\"target\":[\"https:\\\/\\\/bodegasavinya.com\\\/en\\\/product\\\/angeles-de-amaren\\\/\"]}]},{\"@type\":\"ImageObject\",\"inLanguage\":\"en-US\",\"@id\":\"https:\\\/\\\/bodegasavinya.com\\\/en\\\/product\\\/angeles-de-amaren\\\/#primaryimage\",\"url\":\"https:\\\/\\\/bodegasavinya.com\\\/wp-content\\\/uploads\\\/2018\\\/08\\\/Angeles-de-Amaren-1.png\",\"contentUrl\":\"https:\\\/\\\/bodegasavinya.com\\\/wp-content\\\/uploads\\\/2018\\\/08\\\/Angeles-de-Amaren-1.png\",\"width\":500,\"height\":500},{\"@type\":\"BreadcrumbList\",\"@id\":\"https:\\\/\\\/bodegasavinya.com\\\/en\\\/product\\\/angeles-de-amaren\\\/#breadcrumb\",\"itemListElement\":[{\"@type\":\"ListItem\",\"position\":1,\"name\":\"Start page\",\"item\":\"https:\\\/\\\/bodegasavinya.com\\\/en\\\/\"},{\"@type\":\"ListItem\",\"position\":2,\"name\":\"Product gallery\",\"item\":\"https:\\\/\\\/bodegasavinya.com\\\/en\\\/produktgalerie\\\/\"},{\"@type\":\"ListItem\",\"position\":3,\"name\":\"\u00c1ngeles de Amaren 2017\"}]},{\"@type\":\"WebSite\",\"@id\":\"https:\\\/\\\/bodegasavinya.com\\\/en\\\/#website\",\"url\":\"https:\\\/\\\/bodegasavinya.com\\\/en\\\/\",\"name\":\"Bodega Sa Vinya\",\"description\":\"Vinos y Arte\",\"publisher\":{\"@id\":\"https:\\\/\\\/bodegasavinya.com\\\/en\\\/#organization\"},\"potentialAction\":[{\"@type\":\"SearchAction\",\"target\":{\"@type\":\"EntryPoint\",\"urlTemplate\":\"https:\\\/\\\/bodegasavinya.com\\\/en\\\/?s={search_term_string}\"},\"query-input\":{\"@type\":\"PropertyValueSpecification\",\"valueRequired\":true,\"valueName\":\"search_term_string\"}}],\"inLanguage\":\"en-US\"},{\"@type\":\"Organization\",\"@id\":\"https:\\\/\\\/bodegasavinya.com\\\/en\\\/#organization\",\"name\":\"Bodega Sa Vinya\",\"url\":\"https:\\\/\\\/bodegasavinya.com\\\/en\\\/\",\"logo\":{\"@type\":\"ImageObject\",\"inLanguage\":\"en-US\",\"@id\":\"https:\\\/\\\/bodegasavinya.com\\\/en\\\/#\\\/schema\\\/logo\\\/image\\\/\",\"url\":\"https:\\\/\\\/bodegasavinya.com\\\/wp-content\\\/uploads\\\/2018\\\/10\\\/LOGO-bodega-Klein.png\",\"contentUrl\":\"https:\\\/\\\/bodegasavinya.com\\\/wp-content\\\/uploads\\\/2018\\\/10\\\/LOGO-bodega-Klein.png\",\"width\":200,\"height\":161,\"caption\":\"Bodega Sa Vinya\"},\"image\":{\"@id\":\"https:\\\/\\\/bodegasavinya.com\\\/en\\\/#\\\/schema\\\/logo\\\/image\\\/\"}}]}<\/script>\n<!-- \/ Yoast SEO plugin. -->","yoast_head_json":{"title":"\u00c1ngeles de Amaren 2017 | Bodega Sa Vinya","description":"Bodega Sa Vinya, Vino, Comercio de vinos, Sabor, Compro, Champ\u00e1n, Vino espumoso, Cava, Aceites, Vinagres, Prosecco, Vino blanco, Vino tinto, Vinos rosados, Gin, Whisky, Licores, Brandy, Vino helado, Deli, Cava Ros\u00e9, Grappa, Aceite de oliva, Tonico Vino dulce, Regalos, Cupones, Italia, Francia, Espa\u00f1a, Chile, California, Sud\u00e1frica, Australia, Austria, Mallorca,","robots":{"index":"index","follow":"follow","max-snippet":"max-snippet:-1","max-image-preview":"max-image-preview:large","max-video-preview":"max-video-preview:-1"},"canonical":"https:\/\/bodegasavinya.com\/en\/product\/angeles-de-amaren\/","og_locale":"en_US","og_type":"article","og_title":"\u00c1ngeles de Amaren 2017 | Bodega Sa Vinya","og_description":"Bodega Sa Vinya, Vino, Comercio de vinos, Sabor, Compro, Champ\u00e1n, Vino espumoso, Cava, Aceites, Vinagres, Prosecco, Vino blanco, Vino tinto, Vinos rosados, Gin, Whisky, Licores, Brandy, Vino helado, Deli, Cava Ros\u00e9, Grappa, Aceite de oliva, Tonico Vino dulce, Regalos, Cupones, Italia, Francia, Espa\u00f1a, Chile, California, Sud\u00e1frica, Australia, Austria, Mallorca,","og_url":"https:\/\/bodegasavinya.com\/en\/product\/angeles-de-amaren\/","og_site_name":"Bodega Sa Vinya","article_modified_time":"2021-12-03T17:37:09+00:00","og_image":[{"width":500,"height":500,"url":"https:\/\/bodegasavinya.com\/wp-content\/uploads\/2018\/08\/Angeles-de-Amaren-1.png","type":"image\/png"}],"twitter_card":"summary_large_image","schema":{"@context":"https:\/\/schema.org","@graph":[{"@type":"WebPage","@id":"https:\/\/bodegasavinya.com\/en\/product\/angeles-de-amaren\/","url":"https:\/\/bodegasavinya.com\/en\/product\/angeles-de-amaren\/","name":"\u00c1ngeles de Amaren 2017 | Bodega Sa Vinya","isPartOf":{"@id":"https:\/\/bodegasavinya.com\/en\/#website"},"primaryImageOfPage":{"@id":"https:\/\/bodegasavinya.com\/en\/product\/angeles-de-amaren\/#primaryimage"},"image":{"@id":"https:\/\/bodegasavinya.com\/en\/product\/angeles-de-amaren\/#primaryimage"},"thumbnailUrl":"https:\/\/bodegasavinya.com\/wp-content\/uploads\/2018\/08\/Angeles-de-Amaren-1.png","datePublished":"2018-08-01T16:00:26+00:00","dateModified":"2021-12-03T17:37:09+00:00","description":"Bodega Sa Vinya, Vino, Comercio de vinos, Sabor, Compro, Champ\u00e1n, Vino espumoso, Cava, Aceites, Vinagres, Prosecco, Vino blanco, Vino tinto, Vinos rosados, Gin, Whisky, Licores, Brandy, Vino helado, Deli, Cava Ros\u00e9, Grappa, Aceite de oliva, Tonico Vino dulce, Regalos, Cupones, Italia, Francia, Espa\u00f1a, Chile, California, Sud\u00e1frica, Australia, Austria, Mallorca,","breadcrumb":{"@id":"https:\/\/bodegasavinya.com\/en\/product\/angeles-de-amaren\/#breadcrumb"},"inLanguage":"en-US","potentialAction":[{"@type":"ReadAction","target":["https:\/\/bodegasavinya.com\/en\/product\/angeles-de-amaren\/"]}]},{"@type":"ImageObject","inLanguage":"en-US","@id":"https:\/\/bodegasavinya.com\/en\/product\/angeles-de-amaren\/#primaryimage","url":"https:\/\/bodegasavinya.com\/wp-content\/uploads\/2018\/08\/Angeles-de-Amaren-1.png","contentUrl":"https:\/\/bodegasavinya.com\/wp-content\/uploads\/2018\/08\/Angeles-de-Amaren-1.png","width":500,"height":500},{"@type":"BreadcrumbList","@id":"https:\/\/bodegasavinya.com\/en\/product\/angeles-de-amaren\/#breadcrumb","itemListElement":[{"@type":"ListItem","position":1,"name":"Start page","item":"https:\/\/bodegasavinya.com\/en\/"},{"@type":"ListItem","position":2,"name":"Product gallery","item":"https:\/\/bodegasavinya.com\/en\/produktgalerie\/"},{"@type":"ListItem","position":3,"name":"\u00c1ngeles de Amaren 2017"}]},{"@type":"WebSite","@id":"https:\/\/bodegasavinya.com\/en\/#website","url":"https:\/\/bodegasavinya.com\/en\/","name":"Bodega Sa Vinya","description":"Vinos y Arte","publisher":{"@id":"https:\/\/bodegasavinya.com\/en\/#organization"},"potentialAction":[{"@type":"SearchAction","target":{"@type":"EntryPoint","urlTemplate":"https:\/\/bodegasavinya.com\/en\/?s={search_term_string}"},"query-input":{"@type":"PropertyValueSpecification","valueRequired":true,"valueName":"search_term_string"}}],"inLanguage":"en-US"},{"@type":"Organization","@id":"https:\/\/bodegasavinya.com\/en\/#organization","name":"Bodega Sa Vinya","url":"https:\/\/bodegasavinya.com\/en\/","logo":{"@type":"ImageObject","inLanguage":"en-US","@id":"https:\/\/bodegasavinya.com\/en\/#\/schema\/logo\/image\/","url":"https:\/\/bodegasavinya.com\/wp-content\/uploads\/2018\/10\/LOGO-bodega-Klein.png","contentUrl":"https:\/\/bodegasavinya.com\/wp-content\/uploads\/2018\/10\/LOGO-bodega-Klein.png","width":200,"height":161,"caption":"Bodega Sa Vinya"},"image":{"@id":"https:\/\/bodegasavinya.com\/en\/#\/schema\/logo\/image\/"}}]}},"_links":{"self":[{"href":"https:\/\/bodegasavinya.com\/en\/wp-json\/wp\/v2\/product\/709","targetHints":{"allow":["GET"]}}],"collection":[{"href":"https:\/\/bodegasavinya.com\/en\/wp-json\/wp\/v2\/product"}],"about":[{"href":"https:\/\/bodegasavinya.com\/en\/wp-json\/wp\/v2\/types\/product"}],"wp:featuredmedia":[{"embeddable":true,"href":"https:\/\/bodegasavinya.com\/en\/wp-json\/wp\/v2\/media\/4912"}],"wp:attachment":[{"href":"https:\/\/bodegasavinya.com\/en\/wp-json\/wp\/v2\/media?parent=709"}],"wp:term":[{"taxonomy":"product_brand","embeddable":true,"href":"https:\/\/bodegasavinya.com\/en\/wp-json\/wp\/v2\/product_brand?post=709"},{"taxonomy":"product_cat","embeddable":true,"href":"https:\/\/bodegasavinya.com\/en\/wp-json\/wp\/v2\/product_cat?post=709"},{"taxonomy":"product_tag","embeddable":true,"href":"https:\/\/bodegasavinya.com\/en\/wp-json\/wp\/v2\/product_tag?post=709"}],"curies":[{"name":"wp","href":"https:\/\/api.w.org\/{rel}","templated":true}]}}