{"id":2606,"date":"2019-03-27T17:50:23","date_gmt":"2019-03-27T17:50:23","guid":{"rendered":"https:\/\/bodegasavinya.com\/?post_type=product&#038;p=2606"},"modified":"2025-03-04T16:48:07","modified_gmt":"2025-03-04T16:48:07","slug":"binigrau-bi-rosat-2018","status":"publish","type":"product","link":"https:\/\/bodegasavinya.com\/en\/product\/binigrau-bi-rosat-2018\/","title":{"rendered":"Binigrau Bi-rosat 2024"},"content":{"rendered":"","protected":false},"excerpt":{"rendered":"","protected":false},"featured_media":2603,"template":"","meta":[],"product_brand":[],"product_cat":[242,236],"product_tag":[3110,2992,2993,3111,3112],"class_list":{"0":"post-2606","1":"product","2":"type-product","3":"status-publish","4":"has-post-thumbnail","6":"product_cat-rose-en","7":"product_cat-wine","8":"product_tag-bi-rosat-en","9":"product_tag-biniali-en","10":"product_tag-binigrau-en","11":"product_tag-e-rosat-en","12":"product_tag-mallorca-rosado-en","14":"first","15":"instock","16":"taxable","17":"shipping-taxable","18":"purchasable","19":"product-type-simple"},"yoast_head":"<!-- This site is optimized with the Yoast SEO plugin v27.4 - https:\/\/yoast.com\/product\/yoast-seo-wordpress\/ -->\n<title>Binigrau Bi-rosat 2024 | Bodega Sa Vinya<\/title>\n<meta name=\"description\" content=\"Bodega Sa Vinya, Vino, Comercio de vinos, Sabor, Compro, Champ\u00e1n, Vino espumoso, Cava, Aceites, Vinagres, Prosecco, Vino blanco, Vino tinto, Vinos rosados, Gin, Whisky, Licores, Brandy, Vino helado, Deli, Cava Ros\u00e9, Grappa, Aceite de oliva, Tonico Vino dulce, Regalos, Cupones, Italia, Francia, Espa\u00f1a, Chile, California, Sud\u00e1frica, Australia, Austria, Mallorca,\" \/>\n<meta name=\"robots\" content=\"index, follow, max-snippet:-1, max-image-preview:large, max-video-preview:-1\" \/>\n<link rel=\"canonical\" href=\"https:\/\/bodegasavinya.com\/en\/product\/binigrau-bi-rosat-2018\/\" \/>\n<meta property=\"og:locale\" content=\"en_US\" \/>\n<meta property=\"og:type\" content=\"article\" \/>\n<meta property=\"og:title\" content=\"Binigrau Bi-rosat 2024 | Bodega Sa Vinya\" \/>\n<meta property=\"og:description\" content=\"Bodega Sa Vinya, Vino, Comercio de vinos, Sabor, Compro, Champ\u00e1n, Vino espumoso, Cava, Aceites, Vinagres, Prosecco, Vino blanco, Vino tinto, Vinos rosados, Gin, Whisky, Licores, Brandy, Vino helado, Deli, Cava Ros\u00e9, Grappa, Aceite de oliva, Tonico Vino dulce, Regalos, Cupones, Italia, Francia, Espa\u00f1a, Chile, California, Sud\u00e1frica, Australia, Austria, Mallorca,\" \/>\n<meta property=\"og:url\" content=\"https:\/\/bodegasavinya.com\/en\/product\/binigrau-bi-rosat-2018\/\" \/>\n<meta property=\"og:site_name\" content=\"Bodega Sa Vinya\" \/>\n<meta property=\"article:modified_time\" content=\"2025-03-04T16:48:07+00:00\" \/>\n<meta property=\"og:image\" content=\"https:\/\/bodegasavinya.com\/wp-content\/uploads\/2019\/03\/Bi-rosat.png\" \/>\n\t<meta property=\"og:image:width\" content=\"500\" \/>\n\t<meta property=\"og:image:height\" content=\"500\" \/>\n\t<meta property=\"og:image:type\" content=\"image\/png\" \/>\n<meta name=\"twitter:card\" content=\"summary_large_image\" \/>\n<script type=\"application\/ld+json\" class=\"yoast-schema-graph\">{\"@context\":\"https:\\\/\\\/schema.org\",\"@graph\":[{\"@type\":\"WebPage\",\"@id\":\"https:\\\/\\\/bodegasavinya.com\\\/en\\\/product\\\/binigrau-bi-rosat-2018\\\/\",\"url\":\"https:\\\/\\\/bodegasavinya.com\\\/en\\\/product\\\/binigrau-bi-rosat-2018\\\/\",\"name\":\"Binigrau Bi-rosat 2024 | Bodega Sa Vinya\",\"isPartOf\":{\"@id\":\"https:\\\/\\\/bodegasavinya.com\\\/en\\\/#website\"},\"primaryImageOfPage\":{\"@id\":\"https:\\\/\\\/bodegasavinya.com\\\/en\\\/product\\\/binigrau-bi-rosat-2018\\\/#primaryimage\"},\"image\":{\"@id\":\"https:\\\/\\\/bodegasavinya.com\\\/en\\\/product\\\/binigrau-bi-rosat-2018\\\/#primaryimage\"},\"thumbnailUrl\":\"https:\\\/\\\/bodegasavinya.com\\\/wp-content\\\/uploads\\\/2019\\\/03\\\/Bi-rosat.png\",\"datePublished\":\"2019-03-27T17:50:23+00:00\",\"dateModified\":\"2025-03-04T16:48:07+00:00\",\"description\":\"Bodega Sa Vinya, Vino, Comercio de vinos, Sabor, Compro, Champ\u00e1n, Vino espumoso, Cava, Aceites, Vinagres, Prosecco, Vino blanco, Vino tinto, Vinos rosados, Gin, Whisky, Licores, Brandy, Vino helado, Deli, Cava Ros\u00e9, Grappa, Aceite de oliva, Tonico Vino dulce, Regalos, Cupones, Italia, Francia, Espa\u00f1a, Chile, California, Sud\u00e1frica, Australia, Austria, Mallorca,\",\"breadcrumb\":{\"@id\":\"https:\\\/\\\/bodegasavinya.com\\\/en\\\/product\\\/binigrau-bi-rosat-2018\\\/#breadcrumb\"},\"inLanguage\":\"en-US\",\"potentialAction\":[{\"@type\":\"ReadAction\",\"target\":[\"https:\\\/\\\/bodegasavinya.com\\\/en\\\/product\\\/binigrau-bi-rosat-2018\\\/\"]}]},{\"@type\":\"ImageObject\",\"inLanguage\":\"en-US\",\"@id\":\"https:\\\/\\\/bodegasavinya.com\\\/en\\\/product\\\/binigrau-bi-rosat-2018\\\/#primaryimage\",\"url\":\"https:\\\/\\\/bodegasavinya.com\\\/wp-content\\\/uploads\\\/2019\\\/03\\\/Bi-rosat.png\",\"contentUrl\":\"https:\\\/\\\/bodegasavinya.com\\\/wp-content\\\/uploads\\\/2019\\\/03\\\/Bi-rosat.png\",\"width\":500,\"height\":500},{\"@type\":\"BreadcrumbList\",\"@id\":\"https:\\\/\\\/bodegasavinya.com\\\/en\\\/product\\\/binigrau-bi-rosat-2018\\\/#breadcrumb\",\"itemListElement\":[{\"@type\":\"ListItem\",\"position\":1,\"name\":\"Start page\",\"item\":\"https:\\\/\\\/bodegasavinya.com\\\/en\\\/\"},{\"@type\":\"ListItem\",\"position\":2,\"name\":\"Product gallery\",\"item\":\"https:\\\/\\\/bodegasavinya.com\\\/en\\\/produktgalerie\\\/\"},{\"@type\":\"ListItem\",\"position\":3,\"name\":\"Binigrau Bi-rosat 2024\"}]},{\"@type\":\"WebSite\",\"@id\":\"https:\\\/\\\/bodegasavinya.com\\\/en\\\/#website\",\"url\":\"https:\\\/\\\/bodegasavinya.com\\\/en\\\/\",\"name\":\"Bodega Sa Vinya\",\"description\":\"Vinos y Arte\",\"publisher\":{\"@id\":\"https:\\\/\\\/bodegasavinya.com\\\/en\\\/#organization\"},\"potentialAction\":[{\"@type\":\"SearchAction\",\"target\":{\"@type\":\"EntryPoint\",\"urlTemplate\":\"https:\\\/\\\/bodegasavinya.com\\\/en\\\/?s={search_term_string}\"},\"query-input\":{\"@type\":\"PropertyValueSpecification\",\"valueRequired\":true,\"valueName\":\"search_term_string\"}}],\"inLanguage\":\"en-US\"},{\"@type\":\"Organization\",\"@id\":\"https:\\\/\\\/bodegasavinya.com\\\/en\\\/#organization\",\"name\":\"Bodega Sa Vinya\",\"url\":\"https:\\\/\\\/bodegasavinya.com\\\/en\\\/\",\"logo\":{\"@type\":\"ImageObject\",\"inLanguage\":\"en-US\",\"@id\":\"https:\\\/\\\/bodegasavinya.com\\\/en\\\/#\\\/schema\\\/logo\\\/image\\\/\",\"url\":\"https:\\\/\\\/bodegasavinya.com\\\/wp-content\\\/uploads\\\/2018\\\/10\\\/LOGO-bodega-Klein.png\",\"contentUrl\":\"https:\\\/\\\/bodegasavinya.com\\\/wp-content\\\/uploads\\\/2018\\\/10\\\/LOGO-bodega-Klein.png\",\"width\":200,\"height\":161,\"caption\":\"Bodega Sa Vinya\"},\"image\":{\"@id\":\"https:\\\/\\\/bodegasavinya.com\\\/en\\\/#\\\/schema\\\/logo\\\/image\\\/\"}}]}<\/script>\n<!-- \/ Yoast SEO plugin. -->","yoast_head_json":{"title":"Binigrau Bi-rosat 2024 | Bodega Sa Vinya","description":"Bodega Sa Vinya, Vino, Comercio de vinos, Sabor, Compro, Champ\u00e1n, Vino espumoso, Cava, Aceites, Vinagres, Prosecco, Vino blanco, Vino tinto, Vinos rosados, Gin, Whisky, Licores, Brandy, Vino helado, Deli, Cava Ros\u00e9, Grappa, Aceite de oliva, Tonico Vino dulce, Regalos, Cupones, Italia, Francia, Espa\u00f1a, Chile, California, Sud\u00e1frica, Australia, Austria, Mallorca,","robots":{"index":"index","follow":"follow","max-snippet":"max-snippet:-1","max-image-preview":"max-image-preview:large","max-video-preview":"max-video-preview:-1"},"canonical":"https:\/\/bodegasavinya.com\/en\/product\/binigrau-bi-rosat-2018\/","og_locale":"en_US","og_type":"article","og_title":"Binigrau Bi-rosat 2024 | Bodega Sa Vinya","og_description":"Bodega Sa Vinya, Vino, Comercio de vinos, Sabor, Compro, Champ\u00e1n, Vino espumoso, Cava, Aceites, Vinagres, Prosecco, Vino blanco, Vino tinto, Vinos rosados, Gin, Whisky, Licores, Brandy, Vino helado, Deli, Cava Ros\u00e9, Grappa, Aceite de oliva, Tonico Vino dulce, Regalos, Cupones, Italia, Francia, Espa\u00f1a, Chile, California, Sud\u00e1frica, Australia, Austria, Mallorca,","og_url":"https:\/\/bodegasavinya.com\/en\/product\/binigrau-bi-rosat-2018\/","og_site_name":"Bodega Sa Vinya","article_modified_time":"2025-03-04T16:48:07+00:00","og_image":[{"width":500,"height":500,"url":"https:\/\/bodegasavinya.com\/wp-content\/uploads\/2019\/03\/Bi-rosat.png","type":"image\/png"}],"twitter_card":"summary_large_image","schema":{"@context":"https:\/\/schema.org","@graph":[{"@type":"WebPage","@id":"https:\/\/bodegasavinya.com\/en\/product\/binigrau-bi-rosat-2018\/","url":"https:\/\/bodegasavinya.com\/en\/product\/binigrau-bi-rosat-2018\/","name":"Binigrau Bi-rosat 2024 | Bodega Sa Vinya","isPartOf":{"@id":"https:\/\/bodegasavinya.com\/en\/#website"},"primaryImageOfPage":{"@id":"https:\/\/bodegasavinya.com\/en\/product\/binigrau-bi-rosat-2018\/#primaryimage"},"image":{"@id":"https:\/\/bodegasavinya.com\/en\/product\/binigrau-bi-rosat-2018\/#primaryimage"},"thumbnailUrl":"https:\/\/bodegasavinya.com\/wp-content\/uploads\/2019\/03\/Bi-rosat.png","datePublished":"2019-03-27T17:50:23+00:00","dateModified":"2025-03-04T16:48:07+00:00","description":"Bodega Sa Vinya, Vino, Comercio de vinos, Sabor, Compro, Champ\u00e1n, Vino espumoso, Cava, Aceites, Vinagres, Prosecco, Vino blanco, Vino tinto, Vinos rosados, Gin, Whisky, Licores, Brandy, Vino helado, Deli, Cava Ros\u00e9, Grappa, Aceite de oliva, Tonico Vino dulce, Regalos, Cupones, Italia, Francia, Espa\u00f1a, Chile, California, Sud\u00e1frica, Australia, Austria, Mallorca,","breadcrumb":{"@id":"https:\/\/bodegasavinya.com\/en\/product\/binigrau-bi-rosat-2018\/#breadcrumb"},"inLanguage":"en-US","potentialAction":[{"@type":"ReadAction","target":["https:\/\/bodegasavinya.com\/en\/product\/binigrau-bi-rosat-2018\/"]}]},{"@type":"ImageObject","inLanguage":"en-US","@id":"https:\/\/bodegasavinya.com\/en\/product\/binigrau-bi-rosat-2018\/#primaryimage","url":"https:\/\/bodegasavinya.com\/wp-content\/uploads\/2019\/03\/Bi-rosat.png","contentUrl":"https:\/\/bodegasavinya.com\/wp-content\/uploads\/2019\/03\/Bi-rosat.png","width":500,"height":500},{"@type":"BreadcrumbList","@id":"https:\/\/bodegasavinya.com\/en\/product\/binigrau-bi-rosat-2018\/#breadcrumb","itemListElement":[{"@type":"ListItem","position":1,"name":"Start page","item":"https:\/\/bodegasavinya.com\/en\/"},{"@type":"ListItem","position":2,"name":"Product gallery","item":"https:\/\/bodegasavinya.com\/en\/produktgalerie\/"},{"@type":"ListItem","position":3,"name":"Binigrau Bi-rosat 2024"}]},{"@type":"WebSite","@id":"https:\/\/bodegasavinya.com\/en\/#website","url":"https:\/\/bodegasavinya.com\/en\/","name":"Bodega Sa Vinya","description":"Vinos y Arte","publisher":{"@id":"https:\/\/bodegasavinya.com\/en\/#organization"},"potentialAction":[{"@type":"SearchAction","target":{"@type":"EntryPoint","urlTemplate":"https:\/\/bodegasavinya.com\/en\/?s={search_term_string}"},"query-input":{"@type":"PropertyValueSpecification","valueRequired":true,"valueName":"search_term_string"}}],"inLanguage":"en-US"},{"@type":"Organization","@id":"https:\/\/bodegasavinya.com\/en\/#organization","name":"Bodega Sa Vinya","url":"https:\/\/bodegasavinya.com\/en\/","logo":{"@type":"ImageObject","inLanguage":"en-US","@id":"https:\/\/bodegasavinya.com\/en\/#\/schema\/logo\/image\/","url":"https:\/\/bodegasavinya.com\/wp-content\/uploads\/2018\/10\/LOGO-bodega-Klein.png","contentUrl":"https:\/\/bodegasavinya.com\/wp-content\/uploads\/2018\/10\/LOGO-bodega-Klein.png","width":200,"height":161,"caption":"Bodega Sa Vinya"},"image":{"@id":"https:\/\/bodegasavinya.com\/en\/#\/schema\/logo\/image\/"}}]}},"_links":{"self":[{"href":"https:\/\/bodegasavinya.com\/en\/wp-json\/wp\/v2\/product\/2606","targetHints":{"allow":["GET"]}}],"collection":[{"href":"https:\/\/bodegasavinya.com\/en\/wp-json\/wp\/v2\/product"}],"about":[{"href":"https:\/\/bodegasavinya.com\/en\/wp-json\/wp\/v2\/types\/product"}],"wp:featuredmedia":[{"embeddable":true,"href":"https:\/\/bodegasavinya.com\/en\/wp-json\/wp\/v2\/media\/2603"}],"wp:attachment":[{"href":"https:\/\/bodegasavinya.com\/en\/wp-json\/wp\/v2\/media?parent=2606"}],"wp:term":[{"taxonomy":"product_brand","embeddable":true,"href":"https:\/\/bodegasavinya.com\/en\/wp-json\/wp\/v2\/product_brand?post=2606"},{"taxonomy":"product_cat","embeddable":true,"href":"https:\/\/bodegasavinya.com\/en\/wp-json\/wp\/v2\/product_cat?post=2606"},{"taxonomy":"product_tag","embeddable":true,"href":"https:\/\/bodegasavinya.com\/en\/wp-json\/wp\/v2\/product_tag?post=2606"}],"curies":[{"name":"wp","href":"https:\/\/api.w.org\/{rel}","templated":true}]}}