{"id":1235,"date":"2018-08-31T08:52:59","date_gmt":"2018-08-31T08:52:59","guid":{"rendered":"https:\/\/bodegasavinya.com\/produkt\/grappa-di-barolo\/"},"modified":"2019-07-02T16:54:07","modified_gmt":"2019-07-02T16:54:07","slug":"grappa-di-barolo","status":"publish","type":"product","link":"https:\/\/bodegasavinya.com\/en\/product\/grappa-di-barolo\/","title":{"rendered":"SIBONA La Grappa di Barolo 0,5 L"},"content":{"rendered":"","protected":false},"excerpt":{"rendered":"","protected":false},"featured_media":1182,"template":"","meta":[],"product_brand":[],"product_cat":[746],"product_tag":[1011,1010,1012],"class_list":{"0":"post-1235","1":"product","2":"type-product","3":"status-publish","4":"has-post-thumbnail","6":"product_cat-grappa-en","7":"product_tag-barolo-en","8":"product_tag-grappa-en","9":"product_tag-italy","11":"first","12":"instock","13":"taxable","14":"shipping-taxable","15":"purchasable","16":"product-type-simple"},"yoast_head":"<!-- This site is optimized with the Yoast SEO plugin v27.2 - https:\/\/yoast.com\/product\/yoast-seo-wordpress\/ -->\n<title>SIBONA La Grappa di Barolo 0,5 L | Bodega Sa Vinya<\/title>\n<meta name=\"description\" content=\"Bodega Sa Vinya, Vino, Comercio de vinos, Sabor, Compro, Champ\u00e1n, Vino espumoso, Cava, Aceites, Vinagres, Prosecco, Vino blanco, Vino tinto, Vinos rosados, Gin, Whisky, Licores, Brandy, Vino helado, Deli, Cava Ros\u00e9, Grappa, Aceite de oliva, Tonico Vino dulce, Regalos, Cupones, Italia, Francia, Espa\u00f1a, Chile, California, Sud\u00e1frica, Australia, Austria, Mallorca,\" \/>\n<meta name=\"robots\" content=\"index, follow, max-snippet:-1, max-image-preview:large, max-video-preview:-1\" \/>\n<link rel=\"canonical\" href=\"https:\/\/bodegasavinya.com\/en\/product\/grappa-di-barolo\/\" \/>\n<meta property=\"og:locale\" content=\"en_US\" \/>\n<meta property=\"og:type\" content=\"article\" \/>\n<meta property=\"og:title\" content=\"SIBONA La Grappa di Barolo 0,5 L | Bodega Sa Vinya\" \/>\n<meta property=\"og:description\" content=\"Bodega Sa Vinya, Vino, Comercio de vinos, Sabor, Compro, Champ\u00e1n, Vino espumoso, Cava, Aceites, Vinagres, Prosecco, Vino blanco, Vino tinto, Vinos rosados, Gin, Whisky, Licores, Brandy, Vino helado, Deli, Cava Ros\u00e9, Grappa, Aceite de oliva, Tonico Vino dulce, Regalos, Cupones, Italia, Francia, Espa\u00f1a, Chile, California, Sud\u00e1frica, Australia, Austria, Mallorca,\" \/>\n<meta property=\"og:url\" content=\"https:\/\/bodegasavinya.com\/en\/product\/grappa-di-barolo\/\" \/>\n<meta property=\"og:site_name\" content=\"Bodega Sa Vinya\" \/>\n<meta property=\"article:modified_time\" content=\"2019-07-02T16:54:07+00:00\" \/>\n<meta property=\"og:image\" content=\"https:\/\/bodegasavinya.com\/wp-content\/uploads\/2018\/08\/Sibona-Barolo-50-cl.png\" \/>\n\t<meta property=\"og:image:width\" content=\"500\" \/>\n\t<meta property=\"og:image:height\" content=\"500\" \/>\n\t<meta property=\"og:image:type\" content=\"image\/png\" \/>\n<meta name=\"twitter:card\" content=\"summary_large_image\" \/>\n<script type=\"application\/ld+json\" class=\"yoast-schema-graph\">{\"@context\":\"https:\/\/schema.org\",\"@graph\":[{\"@type\":\"WebPage\",\"@id\":\"https:\/\/bodegasavinya.com\/en\/product\/grappa-di-barolo\/\",\"url\":\"https:\/\/bodegasavinya.com\/en\/product\/grappa-di-barolo\/\",\"name\":\"SIBONA La Grappa di Barolo 0,5 L | Bodega Sa Vinya\",\"isPartOf\":{\"@id\":\"https:\/\/bodegasavinya.com\/en\/#website\"},\"primaryImageOfPage\":{\"@id\":\"https:\/\/bodegasavinya.com\/en\/product\/grappa-di-barolo\/#primaryimage\"},\"image\":{\"@id\":\"https:\/\/bodegasavinya.com\/en\/product\/grappa-di-barolo\/#primaryimage\"},\"thumbnailUrl\":\"https:\/\/bodegasavinya.com\/wp-content\/uploads\/2018\/08\/Sibona-Barolo-50-cl.png\",\"datePublished\":\"2018-08-31T08:52:59+00:00\",\"dateModified\":\"2019-07-02T16:54:07+00:00\",\"description\":\"Bodega Sa Vinya, Vino, Comercio de vinos, Sabor, Compro, Champ\u00e1n, Vino espumoso, Cava, Aceites, Vinagres, Prosecco, Vino blanco, Vino tinto, Vinos rosados, Gin, Whisky, Licores, Brandy, Vino helado, Deli, Cava Ros\u00e9, Grappa, Aceite de oliva, Tonico Vino dulce, Regalos, Cupones, Italia, Francia, Espa\u00f1a, Chile, California, Sud\u00e1frica, Australia, Austria, Mallorca,\",\"breadcrumb\":{\"@id\":\"https:\/\/bodegasavinya.com\/en\/product\/grappa-di-barolo\/#breadcrumb\"},\"inLanguage\":\"en-US\",\"potentialAction\":[{\"@type\":\"ReadAction\",\"target\":[\"https:\/\/bodegasavinya.com\/en\/product\/grappa-di-barolo\/\"]}]},{\"@type\":\"ImageObject\",\"inLanguage\":\"en-US\",\"@id\":\"https:\/\/bodegasavinya.com\/en\/product\/grappa-di-barolo\/#primaryimage\",\"url\":\"https:\/\/bodegasavinya.com\/wp-content\/uploads\/2018\/08\/Sibona-Barolo-50-cl.png\",\"contentUrl\":\"https:\/\/bodegasavinya.com\/wp-content\/uploads\/2018\/08\/Sibona-Barolo-50-cl.png\",\"width\":500,\"height\":500},{\"@type\":\"BreadcrumbList\",\"@id\":\"https:\/\/bodegasavinya.com\/en\/product\/grappa-di-barolo\/#breadcrumb\",\"itemListElement\":[{\"@type\":\"ListItem\",\"position\":1,\"name\":\"Start page\",\"item\":\"https:\/\/bodegasavinya.com\/en\/\"},{\"@type\":\"ListItem\",\"position\":2,\"name\":\"Product gallery\",\"item\":\"https:\/\/bodegasavinya.com\/en\/produktgalerie\/\"},{\"@type\":\"ListItem\",\"position\":3,\"name\":\"SIBONA La Grappa di Barolo 0,5 L\"}]},{\"@type\":\"WebSite\",\"@id\":\"https:\/\/bodegasavinya.com\/en\/#website\",\"url\":\"https:\/\/bodegasavinya.com\/en\/\",\"name\":\"Bodega Sa Vinya\",\"description\":\"Vinos y Arte\",\"publisher\":{\"@id\":\"https:\/\/bodegasavinya.com\/en\/#organization\"},\"potentialAction\":[{\"@type\":\"SearchAction\",\"target\":{\"@type\":\"EntryPoint\",\"urlTemplate\":\"https:\/\/bodegasavinya.com\/en\/?s={search_term_string}\"},\"query-input\":{\"@type\":\"PropertyValueSpecification\",\"valueRequired\":true,\"valueName\":\"search_term_string\"}}],\"inLanguage\":\"en-US\"},{\"@type\":\"Organization\",\"@id\":\"https:\/\/bodegasavinya.com\/en\/#organization\",\"name\":\"Bodega Sa Vinya\",\"url\":\"https:\/\/bodegasavinya.com\/en\/\",\"logo\":{\"@type\":\"ImageObject\",\"inLanguage\":\"en-US\",\"@id\":\"https:\/\/bodegasavinya.com\/en\/#\/schema\/logo\/image\/\",\"url\":\"https:\/\/bodegasavinya.com\/wp-content\/uploads\/2018\/10\/LOGO-bodega-Klein.png\",\"contentUrl\":\"https:\/\/bodegasavinya.com\/wp-content\/uploads\/2018\/10\/LOGO-bodega-Klein.png\",\"width\":200,\"height\":161,\"caption\":\"Bodega Sa Vinya\"},\"image\":{\"@id\":\"https:\/\/bodegasavinya.com\/en\/#\/schema\/logo\/image\/\"}}]}<\/script>\n<!-- \/ Yoast SEO plugin. -->","yoast_head_json":{"title":"SIBONA La Grappa di Barolo 0,5 L | Bodega Sa Vinya","description":"Bodega Sa Vinya, Vino, Comercio de vinos, Sabor, Compro, Champ\u00e1n, Vino espumoso, Cava, Aceites, Vinagres, Prosecco, Vino blanco, Vino tinto, Vinos rosados, Gin, Whisky, Licores, Brandy, Vino helado, Deli, Cava Ros\u00e9, Grappa, Aceite de oliva, Tonico Vino dulce, Regalos, Cupones, Italia, Francia, Espa\u00f1a, Chile, California, Sud\u00e1frica, Australia, Austria, Mallorca,","robots":{"index":"index","follow":"follow","max-snippet":"max-snippet:-1","max-image-preview":"max-image-preview:large","max-video-preview":"max-video-preview:-1"},"canonical":"https:\/\/bodegasavinya.com\/en\/product\/grappa-di-barolo\/","og_locale":"en_US","og_type":"article","og_title":"SIBONA La Grappa di Barolo 0,5 L | Bodega Sa Vinya","og_description":"Bodega Sa Vinya, Vino, Comercio de vinos, Sabor, Compro, Champ\u00e1n, Vino espumoso, Cava, Aceites, Vinagres, Prosecco, Vino blanco, Vino tinto, Vinos rosados, Gin, Whisky, Licores, Brandy, Vino helado, Deli, Cava Ros\u00e9, Grappa, Aceite de oliva, Tonico Vino dulce, Regalos, Cupones, Italia, Francia, Espa\u00f1a, Chile, California, Sud\u00e1frica, Australia, Austria, Mallorca,","og_url":"https:\/\/bodegasavinya.com\/en\/product\/grappa-di-barolo\/","og_site_name":"Bodega Sa Vinya","article_modified_time":"2019-07-02T16:54:07+00:00","og_image":[{"width":500,"height":500,"url":"https:\/\/bodegasavinya.com\/wp-content\/uploads\/2018\/08\/Sibona-Barolo-50-cl.png","type":"image\/png"}],"twitter_card":"summary_large_image","schema":{"@context":"https:\/\/schema.org","@graph":[{"@type":"WebPage","@id":"https:\/\/bodegasavinya.com\/en\/product\/grappa-di-barolo\/","url":"https:\/\/bodegasavinya.com\/en\/product\/grappa-di-barolo\/","name":"SIBONA La Grappa di Barolo 0,5 L | Bodega Sa Vinya","isPartOf":{"@id":"https:\/\/bodegasavinya.com\/en\/#website"},"primaryImageOfPage":{"@id":"https:\/\/bodegasavinya.com\/en\/product\/grappa-di-barolo\/#primaryimage"},"image":{"@id":"https:\/\/bodegasavinya.com\/en\/product\/grappa-di-barolo\/#primaryimage"},"thumbnailUrl":"https:\/\/bodegasavinya.com\/wp-content\/uploads\/2018\/08\/Sibona-Barolo-50-cl.png","datePublished":"2018-08-31T08:52:59+00:00","dateModified":"2019-07-02T16:54:07+00:00","description":"Bodega Sa Vinya, Vino, Comercio de vinos, Sabor, Compro, Champ\u00e1n, Vino espumoso, Cava, Aceites, Vinagres, Prosecco, Vino blanco, Vino tinto, Vinos rosados, Gin, Whisky, Licores, Brandy, Vino helado, Deli, Cava Ros\u00e9, Grappa, Aceite de oliva, Tonico Vino dulce, Regalos, Cupones, Italia, Francia, Espa\u00f1a, Chile, California, Sud\u00e1frica, Australia, Austria, Mallorca,","breadcrumb":{"@id":"https:\/\/bodegasavinya.com\/en\/product\/grappa-di-barolo\/#breadcrumb"},"inLanguage":"en-US","potentialAction":[{"@type":"ReadAction","target":["https:\/\/bodegasavinya.com\/en\/product\/grappa-di-barolo\/"]}]},{"@type":"ImageObject","inLanguage":"en-US","@id":"https:\/\/bodegasavinya.com\/en\/product\/grappa-di-barolo\/#primaryimage","url":"https:\/\/bodegasavinya.com\/wp-content\/uploads\/2018\/08\/Sibona-Barolo-50-cl.png","contentUrl":"https:\/\/bodegasavinya.com\/wp-content\/uploads\/2018\/08\/Sibona-Barolo-50-cl.png","width":500,"height":500},{"@type":"BreadcrumbList","@id":"https:\/\/bodegasavinya.com\/en\/product\/grappa-di-barolo\/#breadcrumb","itemListElement":[{"@type":"ListItem","position":1,"name":"Start page","item":"https:\/\/bodegasavinya.com\/en\/"},{"@type":"ListItem","position":2,"name":"Product gallery","item":"https:\/\/bodegasavinya.com\/en\/produktgalerie\/"},{"@type":"ListItem","position":3,"name":"SIBONA La Grappa di Barolo 0,5 L"}]},{"@type":"WebSite","@id":"https:\/\/bodegasavinya.com\/en\/#website","url":"https:\/\/bodegasavinya.com\/en\/","name":"Bodega Sa Vinya","description":"Vinos y Arte","publisher":{"@id":"https:\/\/bodegasavinya.com\/en\/#organization"},"potentialAction":[{"@type":"SearchAction","target":{"@type":"EntryPoint","urlTemplate":"https:\/\/bodegasavinya.com\/en\/?s={search_term_string}"},"query-input":{"@type":"PropertyValueSpecification","valueRequired":true,"valueName":"search_term_string"}}],"inLanguage":"en-US"},{"@type":"Organization","@id":"https:\/\/bodegasavinya.com\/en\/#organization","name":"Bodega Sa Vinya","url":"https:\/\/bodegasavinya.com\/en\/","logo":{"@type":"ImageObject","inLanguage":"en-US","@id":"https:\/\/bodegasavinya.com\/en\/#\/schema\/logo\/image\/","url":"https:\/\/bodegasavinya.com\/wp-content\/uploads\/2018\/10\/LOGO-bodega-Klein.png","contentUrl":"https:\/\/bodegasavinya.com\/wp-content\/uploads\/2018\/10\/LOGO-bodega-Klein.png","width":200,"height":161,"caption":"Bodega Sa Vinya"},"image":{"@id":"https:\/\/bodegasavinya.com\/en\/#\/schema\/logo\/image\/"}}]}},"_links":{"self":[{"href":"https:\/\/bodegasavinya.com\/en\/wp-json\/wp\/v2\/product\/1235","targetHints":{"allow":["GET"]}}],"collection":[{"href":"https:\/\/bodegasavinya.com\/en\/wp-json\/wp\/v2\/product"}],"about":[{"href":"https:\/\/bodegasavinya.com\/en\/wp-json\/wp\/v2\/types\/product"}],"wp:featuredmedia":[{"embeddable":true,"href":"https:\/\/bodegasavinya.com\/en\/wp-json\/wp\/v2\/media\/1182"}],"wp:attachment":[{"href":"https:\/\/bodegasavinya.com\/en\/wp-json\/wp\/v2\/media?parent=1235"}],"wp:term":[{"taxonomy":"product_brand","embeddable":true,"href":"https:\/\/bodegasavinya.com\/en\/wp-json\/wp\/v2\/product_brand?post=1235"},{"taxonomy":"product_cat","embeddable":true,"href":"https:\/\/bodegasavinya.com\/en\/wp-json\/wp\/v2\/product_cat?post=1235"},{"taxonomy":"product_tag","embeddable":true,"href":"https:\/\/bodegasavinya.com\/en\/wp-json\/wp\/v2\/product_tag?post=1235"}],"curies":[{"name":"wp","href":"https:\/\/api.w.org\/{rel}","templated":true}]}}